{"id":2498,"date":"2026-01-28T04:37:29","date_gmt":"2026-01-28T04:37:29","guid":{"rendered":"https:\/\/alphamovilr.com\/?page_id=2498"},"modified":"2026-03-01T14:55:24","modified_gmt":"2026-03-01T14:55:24","slug":"politicas-de-ventas-de-productos","status":"publish","type":"page","link":"https:\/\/alphamovilr.com\/?page_id=2498","title":{"rendered":"Pol\u00edticas de Ventas\u00a0de Productos"},"content":{"rendered":"\t\t<div data-elementor-type=\"wp-page\" data-elementor-id=\"2498\" class=\"elementor elementor-2498\" data-elementor-post-type=\"page\">\n\t\t\t\t<div class=\"elementor-element elementor-element-ef1b35c e-flex e-con-boxed e-con e-parent\" data-id=\"ef1b35c\" data-element_type=\"container\" data-e-type=\"container\">\n\t\t\t\t\t<div class=\"e-con-inner\">\n\t\t\t\t<div class=\"elementor-element elementor-element-65d735d9 elementor-widget elementor-widget-spacer\" data-id=\"65d735d9\" data-element_type=\"widget\" data-e-type=\"widget\" data-widget_type=\"spacer.default\">\n\t\t\t\t\t\t\t<div class=\"elementor-spacer\">\n\t\t\t<div class=\"elementor-spacer-inner\"><\/div>\n\t\t<\/div>\n\t\t\t\t\t\t<\/div>\n\t\t\t\t\t<\/div>\n\t\t\t\t<\/div>\n\t\t<div class=\"elementor-element elementor-element-4020a9d7 e-flex e-con-boxed e-con e-parent\" data-id=\"4020a9d7\" data-element_type=\"container\" data-e-type=\"container\">\n\t\t\t\t\t<div class=\"e-con-inner\">\n\t\t\t\t<div class=\"elementor-element elementor-element-2a3b8546 elementor-widget__width-initial elementor-widget elementor-widget-heading\" data-id=\"2a3b8546\" data-element_type=\"widget\" data-e-type=\"widget\" data-widget_type=\"heading.default\">\n\t\t\t\t\t<h2 class=\"elementor-heading-title elementor-size-default\"><span style=\"color:#F07A31\">Pol\u00edticas de Ventas<\/span> de Productos<\/h2>\t\t\t\t<\/div>\n\t\t\t\t\t<\/div>\n\t\t\t\t<\/div>\n\t\t<div class=\"elementor-element elementor-element-53693451 e-flex e-con-boxed e-con e-parent\" data-id=\"53693451\" data-element_type=\"container\" data-e-type=\"container\">\n\t\t\t\t\t<div class=\"e-con-inner\">\n\t\t\t\t<div class=\"elementor-element elementor-element-2fe3372 elementor-widget elementor-widget-heading\" data-id=\"2fe3372\" data-element_type=\"widget\" data-e-type=\"widget\" data-widget_type=\"heading.default\">\n\t\t\t\t\t<h5 class=\"elementor-heading-title elementor-size-default\">1. Precios y Pedidos<\/h5>\t\t\t\t<\/div>\n\t\t\t\t<div class=\"elementor-element elementor-element-54100852 elementor-widget elementor-widget-text-editor\" data-id=\"54100852\" data-element_type=\"widget\" data-e-type=\"widget\" data-widget_type=\"text-editor.default\">\n\t\t\t\t\t\t\t\t\t<ul>\n<li>\n<p data-path-to-node=\"8,0,0\"><b>1.1. Respeto de Precios en Pedidos:<\/b>&nbsp;Al realizar un pedido, se respetar\u00e1n los precios ofertados de los productos. Solo en caso de que el precio ofertado se deba a un error de c\u00e1lculo del sistema y represente una variaci\u00f3n mayor al&nbsp;<b>10%<\/b>&nbsp;respecto al precio real del producto, nos pondremos en contacto con el cliente para brindarle una soluci\u00f3n adecuada para ambas partes, sin afectar sus derechos.<\/p>\n<\/li>\n<li>\n<p data-path-to-node=\"8,1,0\"><b>1.2. Respeto de Precios Publicados:<\/b> Se respetar\u00e1n los precios de los productos publicitados por alphamovilr en distintos medios de comunicaci\u00f3n (correos, volantes, publicidad online, etc.). Solo en caso de que el precio publicitado obedezca a un error del sistema y represente una variaci\u00f3n mayor al&nbsp;<b>10%<\/b>&nbsp;respecto al precio correcto del producto, nos pondremos en contacto con el cliente para ofrecerle una soluci\u00f3n adecuada, sin que ello afecte sus derechos.<\/p>\n<\/li>\n<li>\n<p data-path-to-node=\"8,2,0\"><b>1.3. Env\u00edo Gratuito:<\/b>&nbsp;El env\u00edo es&nbsp;<b>gratuito<\/b>&nbsp;a nivel nacional para compras a partir de 600$.<\/p>\n<\/li>\n<li>\n<p data-path-to-node=\"8,3,0\"><b>1.4. Modificaci\u00f3n de Productos:<\/b> alphamovilr se reserva el derecho de modificar algunas caracter\u00edsticas de sus productos sin previo aviso.<\/p>\n<\/li>\n<\/ul>\t\t\t\t\t\t\t\t<\/div>\n\t\t\t\t\t<\/div>\n\t\t\t\t<\/div>\n\t\t<div class=\"elementor-element elementor-element-18f89220 e-flex e-con-boxed e-con e-parent\" data-id=\"18f89220\" data-element_type=\"container\" data-e-type=\"container\">\n\t\t\t\t\t<div class=\"e-con-inner\">\n\t\t\t\t<div class=\"elementor-element elementor-element-370d6743 elementor-widget elementor-widget-heading\" data-id=\"370d6743\" data-element_type=\"widget\" data-e-type=\"widget\" data-widget_type=\"heading.default\">\n\t\t\t\t\t<h5 class=\"elementor-heading-title elementor-size-default\">2. Disponibilidad y Separaci\u00f3n de Productos\n<\/h5>\t\t\t\t<\/div>\n\t\t\t\t<div class=\"elementor-element elementor-element-5e22eda9 elementor-widget elementor-widget-text-editor\" data-id=\"5e22eda9\" data-element_type=\"widget\" data-e-type=\"widget\" data-widget_type=\"text-editor.default\">\n\t\t\t\t\t\t\t\t\t<p><b>2.1. Separaci\u00f3n de Inventario:<\/b> Al realizar un pedido, alphamovilr se reserva el derecho de separar del inventario el producto o productos ordenados. Esto se realizar\u00e1\u00a0<b>\u00fanicamente<\/b>\u00a0despu\u00e9s de recibir el pago o confirmar la compra.<\/p>\t\t\t\t\t\t\t\t<\/div>\n\t\t\t\t\t<\/div>\n\t\t\t\t<\/div>\n\t\t<div class=\"elementor-element elementor-element-6c0fda5c e-flex e-con-boxed e-con e-parent\" data-id=\"6c0fda5c\" data-element_type=\"container\" data-e-type=\"container\">\n\t\t\t\t\t<div class=\"e-con-inner\">\n\t\t\t\t<div class=\"elementor-element elementor-element-5ac03cef elementor-widget elementor-widget-heading\" data-id=\"5ac03cef\" data-element_type=\"widget\" data-e-type=\"widget\" data-widget_type=\"heading.default\">\n\t\t\t\t\t<h5 class=\"elementor-heading-title elementor-size-default\">3. Empaques de Productos\n<\/h5>\t\t\t\t<\/div>\n\t\t\t\t<div class=\"elementor-element elementor-element-7896cbac elementor-widget elementor-widget-text-editor\" data-id=\"7896cbac\" data-element_type=\"widget\" data-e-type=\"widget\" data-widget_type=\"text-editor.default\">\n\t\t\t\t\t\t\t\t\t<ul><li><p data-path-to-node=\"10,0,0\"><b>3.1. Presentaci\u00f3n del Producto:<\/b>\u00a0Algunos productos, como discos duros y accesorios, pueden venir \u00fanicamente en empaque antiest\u00e1tico o en empaques variados. En algunos casos,\u00a0<b>no incluyen<\/b>\u00a0caja, manuales y\/o software no indispensable para su funcionamiento.<\/p><\/li><\/ul>\t\t\t\t\t\t\t\t<\/div>\n\t\t\t\t\t<\/div>\n\t\t\t\t<\/div>\n\t\t<div class=\"elementor-element elementor-element-501c36fd e-flex e-con-boxed e-con e-parent\" data-id=\"501c36fd\" data-element_type=\"container\" data-e-type=\"container\">\n\t\t\t\t\t<div class=\"e-con-inner\">\n\t\t\t\t<div class=\"elementor-element elementor-element-7e27be elementor-widget elementor-widget-heading\" data-id=\"7e27be\" data-element_type=\"widget\" data-e-type=\"widget\" data-widget_type=\"heading.default\">\n\t\t\t\t\t<h5 class=\"elementor-heading-title elementor-size-default\">4. Estado de los Productos\n<\/h5>\t\t\t\t<\/div>\n\t\t\t\t<div class=\"elementor-element elementor-element-63e870cf elementor-widget elementor-widget-text-editor\" data-id=\"63e870cf\" data-element_type=\"widget\" data-e-type=\"widget\" data-widget_type=\"text-editor.default\">\n\t\t\t\t\t\t\t\t\t<div class=\"elementor-element elementor-element-229e8ce e-con-full e-flex e-con e-child\" data-id=\"229e8ce\" data-element_type=\"container\"><div class=\"elementor-element elementor-element-6024967 elementor-widget elementor-widget-text-editor\" data-id=\"6024967\" data-element_type=\"widget\" data-widget_type=\"text-editor.default\"><p data-path-to-node=\"6\"><b>4.1. Condici\u00f3n de Venta:<\/b>\u00a0Todos nuestros productos son\u00a0<b>nuevos<\/b>. Sin embargo, la mayor\u00eda incluyen una etiqueta codificada para facilitar el proceso de garant\u00eda en caso de ser necesario (ver Pol\u00edticas de Devoluci\u00f3n y Garant\u00eda de alphamovilr ).<\/p><\/div><\/div><div class=\"elementor-element elementor-element-1c6d950 e-con-full e-flex e-con e-child\" data-id=\"1c6d950\" data-element_type=\"container\"><div class=\"elementor-element elementor-element-3676efa elementor-widget elementor-widget-heading\" data-id=\"3676efa\" data-element_type=\"widget\" data-widget_type=\"heading.default\">\u00a0<\/div><\/div>\t\t\t\t\t\t\t\t<\/div>\n\t\t\t\t\t<\/div>\n\t\t\t\t<\/div>\n\t\t<div class=\"elementor-element elementor-element-696591e3 e-flex e-con-boxed e-con e-parent\" data-id=\"696591e3\" data-element_type=\"container\" data-e-type=\"container\">\n\t\t\t\t\t<div class=\"e-con-inner\">\n\t\t\t\t<div class=\"elementor-element elementor-element-77bbe52a elementor-widget elementor-widget-heading\" data-id=\"77bbe52a\" data-element_type=\"widget\" data-e-type=\"widget\" data-widget_type=\"heading.default\">\n\t\t\t\t\t<h5 class=\"elementor-heading-title elementor-size-default\">5. Precios\n<\/h5>\t\t\t\t<\/div>\n\t\t\t\t<div class=\"elementor-element elementor-element-6b8cfa40 elementor-widget elementor-widget-text-editor\" data-id=\"6b8cfa40\" data-element_type=\"widget\" data-e-type=\"widget\" data-widget_type=\"text-editor.default\">\n\t\t\t\t\t\t\t\t\t<div class=\"elementor-element elementor-element-1c6d950 e-con-full e-flex e-con e-child\" data-id=\"1c6d950\" data-element_type=\"container\"><div class=\"elementor-element elementor-element-74325eb elementor-widget elementor-widget-text-editor\" data-id=\"74325eb\" data-element_type=\"widget\" data-widget_type=\"text-editor.default\"><p data-path-to-node=\"6\"><b>5.1. Moneda e Impuestos:<\/b> Los precios de todos nuestros productos est\u00e1n expresados en\u00a0<strong>d\u00f3lares estadounidenses ($)<\/strong>\u00a0e incluyen el Impuesto General a las Ventas (<b>IGV<\/b>).<\/p><\/div><\/div>\t\t\t\t\t\t\t\t<\/div>\n\t\t\t\t\t<\/div>\n\t\t\t\t<\/div>\n\t\t<div class=\"elementor-element elementor-element-2c0a9c3c e-flex e-con-boxed e-con e-parent\" data-id=\"2c0a9c3c\" data-element_type=\"container\" data-e-type=\"container\">\n\t\t\t\t\t<div class=\"e-con-inner\">\n\t\t\t\t<div class=\"elementor-element elementor-element-23c91f8a elementor-widget elementor-widget-heading\" data-id=\"23c91f8a\" data-element_type=\"widget\" data-e-type=\"widget\" data-widget_type=\"heading.default\">\n\t\t\t\t\t<h5 class=\"elementor-heading-title elementor-size-default\">6. Tiempos de Env\u00edo\n<\/h5>\t\t\t\t<\/div>\n\t\t\t\t<div class=\"elementor-element elementor-element-2772d330 elementor-widget elementor-widget-text-editor\" data-id=\"2772d330\" data-element_type=\"widget\" data-e-type=\"widget\" data-widget_type=\"text-editor.default\">\n\t\t\t\t\t\t\t\t\t<ul><li><p data-path-to-node=\"18,0,0\"><b>6.1. Plazos Estimados:<\/b>\u00a0Todos nuestros productos incluyen diferentes tiempos de env\u00edo (entre\u00a0<b>1<\/b>\u00a0y\u00a0<b>15 d\u00edas h\u00e1biles<\/b>, seg\u00fan el tipo de producto y destino). Estos tiempos se especifican al momento de la compra.<\/p><\/li><li><p data-path-to-node=\"18,1,0\"><b>6.2. Contabilizaci\u00f3n del Plazo:<\/b>\u00a0El tiempo de env\u00edo real se contabiliza\u00a0<b>\u00fanicamente de lunes a viernes<\/b>, a partir de la confirmaci\u00f3n de la compra (ver Pol\u00edticas de Entrega y Recojo).<\/p><\/li><\/ul>\t\t\t\t\t\t\t\t<\/div>\n\t\t\t\t\t<\/div>\n\t\t\t\t<\/div>\n\t\t<div class=\"elementor-element elementor-element-63a4b28c e-flex e-con-boxed e-con e-parent\" data-id=\"63a4b28c\" data-element_type=\"container\" data-e-type=\"container\">\n\t\t\t\t\t<div class=\"e-con-inner\">\n\t\t\t\t<div class=\"elementor-element elementor-element-14c4d218 elementor-widget elementor-widget-heading\" data-id=\"14c4d218\" data-element_type=\"widget\" data-e-type=\"widget\" data-widget_type=\"heading.default\">\n\t\t\t\t\t<h5 class=\"elementor-heading-title elementor-size-default\">7. Retrasos en la Entrega\n<\/h5>\t\t\t\t<\/div>\n\t\t\t\t<div class=\"elementor-element elementor-element-7872fe99 elementor-widget elementor-widget-text-editor\" data-id=\"7872fe99\" data-element_type=\"widget\" data-e-type=\"widget\" data-widget_type=\"text-editor.default\">\n\t\t\t\t\t\t\t\t\t<div class=\"elementor-element elementor-element-7f5c151 e-con-full e-flex e-con e-child\" data-id=\"7f5c151\" data-element_type=\"container\"><div class=\"elementor-element elementor-element-df43788 elementor-widget elementor-widget-text-editor\" data-id=\"df43788\" data-element_type=\"widget\" data-widget_type=\"text-editor.default\"><ul><li><p data-path-to-node=\"18,0,0\"><b>7.1. Comunicaci\u00f3n:<\/b>\u00a0En caso de retrasos en la entrega o env\u00edo del pedido, es responsabilidad del cliente comunicarse con nuestro servicio de atenci\u00f3n al cliente al tel\u00e9fono\u00a0<b>(01) 730-2222<\/b>\u00a0o al correo\u00a0<b>info@alphamovil.com<\/b>.<\/p><\/li><\/ul><\/div><\/div>\t\t\t\t\t\t\t\t<\/div>\n\t\t\t\t\t<\/div>\n\t\t\t\t<\/div>\n\t\t<div class=\"elementor-element elementor-element-7b293ce4 e-flex e-con-boxed e-con e-parent\" data-id=\"7b293ce4\" data-element_type=\"container\" data-e-type=\"container\">\n\t\t\t\t\t<div class=\"e-con-inner\">\n\t\t\t\t<div class=\"elementor-element elementor-element-6c531383 elementor-widget elementor-widget-heading\" data-id=\"6c531383\" data-element_type=\"widget\" data-e-type=\"widget\" data-widget_type=\"heading.default\">\n\t\t\t\t\t<h5 class=\"elementor-heading-title elementor-size-default\">8. Direcci\u00f3n de Env\u00edo\n<\/h5>\t\t\t\t<\/div>\n\t\t\t\t<div class=\"elementor-element elementor-element-4bbbef6 elementor-widget elementor-widget-text-editor\" data-id=\"4bbbef6\" data-element_type=\"widget\" data-e-type=\"widget\" data-widget_type=\"text-editor.default\">\n\t\t\t\t\t\t\t\t\t<ul><li data-path-to-node=\"22,0,0\"><b>8.1. Responsabilidad de la Direcci\u00f3n:<\/b>\u00a0Los pedidos ser\u00e1n enviados\u00a0<b>\u00fanicamente<\/b>\u00a0a la direcci\u00f3n especificada en los datos de env\u00edo proporcionados por el cliente.<\/li><li data-path-to-node=\"22,1,0\"><b>8.2. Errores o Intentos Fallidos:<\/b>\u00a0Si el cliente comete un error en la digitaci\u00f3n de la direcci\u00f3n o se exceden los\u00a0<b>dos intentos de entrega<\/b>, deber\u00e1 comunicarse al tel\u00e9fono\u00a0<b>(01) 730-2222<\/b>\u00a0para coordinar un nuevo env\u00edo a la direcci\u00f3n original.\u00a0<b>Este nuevo env\u00edo puede tener un costo adicional<\/b>.<\/li><\/ul>\t\t\t\t\t\t\t\t<\/div>\n\t\t\t\t\t<\/div>\n\t\t\t\t<\/div>\n\t\t<div class=\"elementor-element elementor-element-2fe5c7b e-flex e-con-boxed e-con e-parent\" data-id=\"2fe5c7b\" data-element_type=\"container\" data-e-type=\"container\">\n\t\t\t\t\t<div class=\"e-con-inner\">\n\t\t\t\t<div class=\"elementor-element elementor-element-6dfff2ed elementor-widget elementor-widget-heading\" data-id=\"6dfff2ed\" data-element_type=\"widget\" data-e-type=\"widget\" data-widget_type=\"heading.default\">\n\t\t\t\t\t<h5 class=\"elementor-heading-title elementor-size-default\">9. Anulaci\u00f3n de Compras<\/h5>\t\t\t\t<\/div>\n\t\t\t\t<div class=\"elementor-element elementor-element-725df55e elementor-widget elementor-widget-text-editor\" data-id=\"725df55e\" data-element_type=\"widget\" data-e-type=\"widget\" data-widget_type=\"text-editor.default\">\n\t\t\t\t\t\t\t\t\t<p><\/p><main id=\"main\" class=\"site-main hfeed\"><p><\/p>\n<div class=\"elementor elementor-1420\" data-elementor-type=\"wp-page\" data-elementor-id=\"1420\" data-elementor-post-type=\"page\">\n<div class=\"elementor-element elementor-element-58a0c778 e-flex e-con-boxed e-con e-parent e-lazyloaded\" data-id=\"58a0c778\" data-element_type=\"container\">\n<div class=\"e-con-inner\">\n<div class=\"elementor-element elementor-element-0f021ed e-con-full e-flex e-con e-child\" data-id=\"0f021ed\" data-element_type=\"container\">\n<div class=\"elementor-element elementor-element-0a0fb2f elementor-widget elementor-widget-text-editor\" data-id=\"0a0fb2f\" data-element_type=\"widget\" data-widget_type=\"text-editor.default\">\n<ul>\n<li data-path-to-node=\"22,0,0\"><b>9.1. Proceso de Anulaci\u00f3n:<\/b>&nbsp;Si el cliente decide anular su compra, debe considerar que el proceso de anulaci\u00f3n y, si corresponde, el reembolso, tiene un tiempo estimado de&nbsp;<b>30 d\u00edas h\u00e1biles<\/b>&nbsp;a partir de la solicitud formal.<\/li><\/ul><\/div><\/div><\/div><\/div><\/div><\/main>\t\t\t\t\t\t\t\t<\/div>\n\t\t\t\t\t<\/div>\n\t\t\t\t<\/div>\n\t\t<div class=\"elementor-element elementor-element-b15af2f e-flex e-con-boxed e-con e-parent\" data-id=\"b15af2f\" data-element_type=\"container\" data-e-type=\"container\">\n\t\t\t\t\t<div class=\"e-con-inner\">\n\t\t\t\t<div class=\"elementor-element elementor-element-84af457 elementor-widget elementor-widget-spacer\" data-id=\"84af457\" data-element_type=\"widget\" data-e-type=\"widget\" data-widget_type=\"spacer.default\">\n\t\t\t\t\t\t\t<div class=\"elementor-spacer\">\n\t\t\t<div class=\"elementor-spacer-inner\"><\/div>\n\t\t<\/div>\n\t\t\t\t\t\t<\/div>\n\t\t\t\t\t<\/div>\n\t\t\t\t<\/div>\n\t\t\t\t<\/div>\n\t\t","protected":false},"excerpt":{"rendered":"<p>Pol\u00edticas de Ventas de Productos 1. Precios y Pedidos 1.1. Respeto de Precios en Pedidos:&nbsp;Al realizar un pedido, se respetar\u00e1n los precios ofertados de los productos. Solo en caso de que el precio ofertado se deba a un error de c\u00e1lculo del sistema y represente una variaci\u00f3n mayor al&nbsp;10%&nbsp;respecto al precio real del producto, nos [&hellip;]<\/p>\n","protected":false},"author":1,"featured_media":0,"parent":0,"menu_order":0,"comment_status":"closed","ping_status":"closed","template":"elementor_header_footer","meta":{"_acf_changed":false,"footnotes":""},"class_list":["post-2498","page","type-page","status-publish","hentry"],"blocksy_meta":[],"acf":[],"_links":{"self":[{"href":"https:\/\/alphamovilr.com\/index.php?rest_route=\/wp\/v2\/pages\/2498","targetHints":{"allow":["GET"]}}],"collection":[{"href":"https:\/\/alphamovilr.com\/index.php?rest_route=\/wp\/v2\/pages"}],"about":[{"href":"https:\/\/alphamovilr.com\/index.php?rest_route=\/wp\/v2\/types\/page"}],"author":[{"embeddable":true,"href":"https:\/\/alphamovilr.com\/index.php?rest_route=\/wp\/v2\/users\/1"}],"replies":[{"embeddable":true,"href":"https:\/\/alphamovilr.com\/index.php?rest_route=%2Fwp%2Fv2%2Fcomments&post=2498"}],"version-history":[{"count":5,"href":"https:\/\/alphamovilr.com\/index.php?rest_route=\/wp\/v2\/pages\/2498\/revisions"}],"predecessor-version":[{"id":2603,"href":"https:\/\/alphamovilr.com\/index.php?rest_route=\/wp\/v2\/pages\/2498\/revisions\/2603"}],"wp:attachment":[{"href":"https:\/\/alphamovilr.com\/index.php?rest_route=%2Fwp%2Fv2%2Fmedia&parent=2498"}],"curies":[{"name":"wp","href":"https:\/\/api.w.org\/{rel}","templated":true}]}}