{"id":2494,"date":"2026-01-28T04:33:09","date_gmt":"2026-01-28T04:33:09","guid":{"rendered":"https:\/\/alphamovilr.com\/?page_id=2494"},"modified":"2026-03-01T14:56:35","modified_gmt":"2026-03-01T14:56:35","slug":"politicas-de-garantiay-devoluciones","status":"publish","type":"page","link":"https:\/\/alphamovilr.com\/?page_id=2494","title":{"rendered":"Pol\u00edticas de Garant\u00eday Devoluciones"},"content":{"rendered":"\t\t<div data-elementor-type=\"wp-page\" data-elementor-id=\"2494\" class=\"elementor elementor-2494\" data-elementor-post-type=\"page\">\n\t\t\t\t<div class=\"elementor-element elementor-element-6f742480 e-flex e-con-boxed e-con e-parent\" data-id=\"6f742480\" data-element_type=\"container\" data-e-type=\"container\">\n\t\t\t\t\t<div class=\"e-con-inner\">\n\t\t\t\t<div class=\"elementor-element elementor-element-132682 elementor-widget elementor-widget-spacer\" data-id=\"132682\" data-element_type=\"widget\" data-e-type=\"widget\" data-widget_type=\"spacer.default\">\n\t\t\t\t\t\t\t<div class=\"elementor-spacer\">\n\t\t\t<div class=\"elementor-spacer-inner\"><\/div>\n\t\t<\/div>\n\t\t\t\t\t\t<\/div>\n\t\t\t\t\t<\/div>\n\t\t\t\t<\/div>\n\t\t<div class=\"elementor-element elementor-element-47da7c36 e-flex e-con-boxed e-con e-parent\" data-id=\"47da7c36\" data-element_type=\"container\" data-e-type=\"container\">\n\t\t\t\t\t<div class=\"e-con-inner\">\n\t\t\t\t<div class=\"elementor-element elementor-element-41cefdac elementor-widget__width-initial elementor-widget elementor-widget-heading\" data-id=\"41cefdac\" data-element_type=\"widget\" data-e-type=\"widget\" data-widget_type=\"heading.default\">\n\t\t\t\t\t<h2 class=\"elementor-heading-title elementor-size-default\"><span style=\"color:#F07A31\">Pol\u00edticas de Garant\u00eda <\/span> y Devoluciones<\/h2>\t\t\t\t<\/div>\n\t\t\t\t\t<\/div>\n\t\t\t\t<\/div>\n\t\t<div class=\"elementor-element elementor-element-5e8eaab1 e-flex e-con-boxed e-con e-parent\" data-id=\"5e8eaab1\" data-element_type=\"container\" data-e-type=\"container\">\n\t\t\t\t\t<div class=\"e-con-inner\">\n\t\t\t\t<div class=\"elementor-element elementor-element-7d231a0 elementor-widget elementor-widget-heading\" data-id=\"7d231a0\" data-element_type=\"widget\" data-e-type=\"widget\" data-widget_type=\"heading.default\">\n\t\t\t\t\t<h5 class=\"elementor-heading-title elementor-size-default\">Introducci\u00f3n<\/h5>\t\t\t\t<\/div>\n\t\t\t\t<div class=\"elementor-element elementor-element-3e17aa08 elementor-widget elementor-widget-text-editor\" data-id=\"3e17aa08\" data-element_type=\"widget\" data-e-type=\"widget\" data-widget_type=\"text-editor.default\">\n\t\t\t\t\t\t\t\t\t<p>Alpha Movil R reconoce y respeta todos los derechos otorgados por la legislaci\u00f3n nacional a los consumidores y usuarios. Estas pol\u00edticas no deben interpretarse de manera que restrinjan o limiten dichos derechos.<\/p>\t\t\t\t\t\t\t\t<\/div>\n\t\t\t\t\t<\/div>\n\t\t\t\t<\/div>\n\t\t<div class=\"elementor-element elementor-element-8109825 e-flex e-con-boxed e-con e-parent\" data-id=\"8109825\" data-element_type=\"container\" data-e-type=\"container\">\n\t\t\t\t\t<div class=\"e-con-inner\">\n\t\t\t\t<div class=\"elementor-element elementor-element-4c688130 elementor-widget elementor-widget-heading\" data-id=\"4c688130\" data-element_type=\"widget\" data-e-type=\"widget\" data-widget_type=\"heading.default\">\n\t\t\t\t\t<h5 class=\"elementor-heading-title elementor-size-default\">Pol\u00edticas de Cambios\n<\/h5>\t\t\t\t<\/div>\n\t\t\t\t<div class=\"elementor-element elementor-element-285eef58 elementor-widget elementor-widget-text-editor\" data-id=\"285eef58\" data-element_type=\"widget\" data-e-type=\"widget\" data-widget_type=\"text-editor.default\">\n\t\t\t\t\t\t\t\t\t<p data-path-to-node=\"8\">Para realizar un cambio, se deben cumplir las siguientes condiciones:<\/p><ul data-path-to-node=\"9\"><li><p data-path-to-node=\"9,0,0\"><b>Plazo:<\/b>\u00a0Presentar el comprobante de pago y gestionar el cambio dentro de los\u00a0<b>siete (7) d\u00edas calendario<\/b>\u00a0posteriores a la compra.<\/p><\/li><li><p data-path-to-node=\"9,1,0\"><b>Fallas de F\u00e1brica:<\/b>\u00a0Un producto con fallas de f\u00e1brica le da al cliente el derecho a obtener una\u00a0<b>nota de cr\u00e9dito<\/b>\u00a0por el valor del producto, v\u00e1lida por 12 meses.<\/p><\/li><li><p data-path-to-node=\"9,2,0\"><b>Producto Sellado (Cambio sin Penalidad):<\/b>\u00a0El cambio sin penalidad por depreciaci\u00f3n aplica \u00fanicamente si el producto est\u00e1\u00a0<b>sellado en su empaque original y en perfectas condiciones<\/b>.<\/p><\/li><li><p data-path-to-node=\"9,3,0\"><b>Producto Abierto (Evaluaci\u00f3n T\u00e9cnica):<\/b><\/p><ul data-path-to-node=\"9,3,1\"><li><p data-path-to-node=\"9,3,1,0,0\">Si el producto ha sido abierto, el \u00e1rea de\u00a0<b>Servicio T\u00e9cnico de alphamovilr <\/b>debe validar su estado.<\/p><\/li><li><p data-path-to-node=\"9,3,1,1,0\">El cliente debe entregar el empaque y todos los accesorios en perfecto estado; de lo contrario, no podr\u00e1 realizarse el cambio.<\/p><\/li><\/ul><\/li><li><p data-path-to-node=\"9,4,0\"><b>Producto Abierto sin Fallas (Penalidad por Depreciaci\u00f3n):<\/b> alphamovilr comercializa \u00fanicamente productos Apple y Beats sellados de f\u00e1brica. Un producto abierto sin fallas de f\u00e1brica solo podr\u00e1 ser cambiado si el cliente asume una penalidad del\u00a0<b>30% del valor del producto por depreciaci\u00f3n<\/b>.<\/p><\/li><li><p data-path-to-node=\"9,5,0\"><b>Precios Promocionales:<\/b>\u00a0Los precios promocionales se mantendr\u00e1n seg\u00fan la vigencia de la promoci\u00f3n.<\/p><\/li><li><p data-path-to-node=\"9,6,0\"><b>Restricciones de Devoluci\u00f3n:<\/b>\u00a0No se aceptan devoluciones de productos abiertos ni de aquellos que no se encuentren en perfecto estado est\u00e9tico y funcional, salvo en casos de fallas de f\u00e1brica o lo establecido por la ley.<\/p><\/li><\/ul>\t\t\t\t\t\t\t\t<\/div>\n\t\t\t\t\t<\/div>\n\t\t\t\t<\/div>\n\t\t<div class=\"elementor-element elementor-element-5633c374 e-flex e-con-boxed e-con e-parent\" data-id=\"5633c374\" data-element_type=\"container\" data-e-type=\"container\">\n\t\t\t\t\t<div class=\"e-con-inner\">\n\t\t\t\t<div class=\"elementor-element elementor-element-3f07b5c7 elementor-widget elementor-widget-heading\" data-id=\"3f07b5c7\" data-element_type=\"widget\" data-e-type=\"widget\" data-widget_type=\"heading.default\">\n\t\t\t\t\t<h5 class=\"elementor-heading-title elementor-size-default\">Pol\u00edticas de Garant\u00eda para Productos Apple\n<\/h5>\t\t\t\t<\/div>\n\t\t\t\t<div class=\"elementor-element elementor-element-29d224d8 elementor-widget elementor-widget-text-editor\" data-id=\"29d224d8\" data-element_type=\"widget\" data-e-type=\"widget\" data-widget_type=\"text-editor.default\">\n\t\t\t\t\t\t\t\t\t<ul><li><p data-path-to-node=\"12\">Su producto cuenta con una\u00a0<b>garant\u00eda internacional por defectos de f\u00e1brica de 1 a\u00f1o<\/b>\u00a0desde la fecha de compra original.<\/p><p data-path-to-node=\"13\">El proceso de garant\u00eda inicia con la evaluaci\u00f3n y diagn\u00f3stico del producto por parte del \u00e1rea de\u00a0<b>Servicio T\u00e9cnico de alphamovilr <\/b>para determinar si corresponde:<\/p><ol start=\"1\" data-path-to-node=\"14\"><li><p data-path-to-node=\"14,0,0\"><b>Reparaci\u00f3n<\/b>\u00a0con piezas nuevas o equivalentes en funcionalidad y confiabilidad.<\/p><\/li><li><p data-path-to-node=\"14,1,0\"><b>Reemplazo<\/b>\u00a0por un producto de caracter\u00edsticas equivalentes, sin caja ni accesorios.<\/p><\/li><li><p data-path-to-node=\"14,2,0\"><b>Devoluci\u00f3n del dinero<\/b>\u00a0si ninguna de las opciones anteriores es viable.<\/p><\/li><\/ol><p data-path-to-node=\"15\"><b>Para gestionar la garant\u00eda:<\/b><\/p><ul data-path-to-node=\"16\"><li><p data-path-to-node=\"16,0,0\">El cliente debe realizar una\u00a0<b>copia de seguridad de su informaci\u00f3n<\/b>\u00a0y conocer su Apple ID y contrase\u00f1a.<\/p><\/li><li><p data-path-to-node=\"16,1,0\">En algunos casos, ser\u00e1 necesario presentar el comprobante de pago.<\/p><\/li><\/ul><\/li><\/ul>\t\t\t\t\t\t\t\t<\/div>\n\t\t\t\t\t<\/div>\n\t\t\t\t<\/div>\n\t\t<div class=\"elementor-element elementor-element-28228ef1 e-flex e-con-boxed e-con e-parent\" data-id=\"28228ef1\" data-element_type=\"container\" data-e-type=\"container\">\n\t\t\t\t\t<div class=\"e-con-inner\">\n\t\t\t\t<div class=\"elementor-element elementor-element-41889cfc elementor-widget elementor-widget-heading\" data-id=\"41889cfc\" data-element_type=\"widget\" data-e-type=\"widget\" data-widget_type=\"heading.default\">\n\t\t\t\t\t<h5 class=\"elementor-heading-title elementor-size-default\">Pol\u00edticas de Garant\u00eda para Productos de Terceros (No Apple)<\/h5>\t\t\t\t<\/div>\n\t\t\t\t<div class=\"elementor-element elementor-element-563c2ed1 elementor-widget elementor-widget-text-editor\" data-id=\"563c2ed1\" data-element_type=\"widget\" data-e-type=\"widget\" data-widget_type=\"text-editor.default\">\n\t\t\t\t\t\t\t\t\t<ul><li><p data-path-to-node=\"18,0,0\">Su producto cuenta con una\u00a0<b>garant\u00eda nacional de 3 meses<\/b>\u00a0por defectos de f\u00e1brica desde la fecha de compra.<\/p><\/li><li><p data-path-to-node=\"18,1,0\">Marcas como Starlink, Bose, JBL, entre otras, requieren un proceso de evaluaci\u00f3n, diagn\u00f3stico, reparaci\u00f3n o cambio del producto, con un tiempo m\u00e1ximo de\u00a0<b>30 d\u00edas<\/b>.<\/p><\/li><li><p data-path-to-node=\"18,2,0\">Es indispensable presentar el comprobante de pago.<\/p><\/li><\/ul>\t\t\t\t\t\t\t\t<\/div>\n\t\t\t\t\t<\/div>\n\t\t\t\t<\/div>\n\t\t<div class=\"elementor-element elementor-element-f7ffcee e-flex e-con-boxed e-con e-parent\" data-id=\"f7ffcee\" data-element_type=\"container\" data-e-type=\"container\">\n\t\t\t\t\t<div class=\"e-con-inner\">\n\t\t\t\t<div class=\"elementor-element elementor-element-49c0e540 elementor-widget elementor-widget-heading\" data-id=\"49c0e540\" data-element_type=\"widget\" data-e-type=\"widget\" data-widget_type=\"heading.default\">\n\t\t\t\t\t<h5 class=\"elementor-heading-title elementor-size-default\">Pol\u00edticas de Devoluciones<\/h5>\t\t\t\t<\/div>\n\t\t\t\t<div class=\"elementor-element elementor-element-22b181e0 elementor-widget elementor-widget-text-editor\" data-id=\"22b181e0\" data-element_type=\"widget\" data-e-type=\"widget\" data-widget_type=\"text-editor.default\">\n\t\t\t\t\t\t\t\t\t<ul><li><p data-path-to-node=\"21,0,0\"><b>Plazo de Solicitud:<\/b>\u00a0Los clientes tienen un plazo de\u00a0<b>7 d\u00edas<\/b>\u00a0desde la fecha de compra para solicitar una devoluci\u00f3n.<\/p><\/li><li><p data-path-to-node=\"21,1,0\"><b>Fallas de F\u00e1brica:<\/b>\u00a0Un producto con fallas de f\u00e1brica le da al cliente el derecho a obtener una\u00a0<b>nota de cr\u00e9dito<\/b>\u00a0por el valor del producto, v\u00e1lida por 12 meses.<\/p><\/li><li><p data-path-to-node=\"21,2,0\"><b>Condici\u00f3n del Art\u00edculo:<\/b>\u00a0El art\u00edculo debe estar\u00a0<b>sin usar<\/b>, en su embalaje original y con todas las etiquetas y accesorios intactos.<\/p><\/li><li><p data-path-to-node=\"21,3,0\"><b>Comprobante:<\/b>\u00a0Se debe presentar el recibo de compra original para procesar cualquier devoluci\u00f3n.<\/p><\/li><li><p data-path-to-node=\"21,4,0\"><b>Proceso de Contacto:<\/b>\u00a0Para iniciar el tr\u00e1mite, el cliente debe comunicarse con el servicio de atenci\u00f3n al cliente al\u00a0<b>(01) 730-2222<\/b>\u00a0o al correo\u00a0<b>info@alphamovilr.com<\/b>.<\/p><\/li><li><p data-path-to-node=\"21,5,0\"><b>Plazo de Procesamiento:<\/b>\u00a0La devoluci\u00f3n se procesar\u00e1 dentro de\u00a0<b>30 d\u00edas h\u00e1biles<\/b>\u00a0posteriores a la solicitud.<\/p><\/li><li><p data-path-to-node=\"21,6,0\"><b>Reembolso:<\/b>\u00a0El reembolso se emitir\u00e1 a la misma tarjeta utilizada en la compra. El tiempo de devoluci\u00f3n depender\u00e1 del banco y podr\u00eda demorar hasta\u00a0<b>30 d\u00edas calendario<\/b>.<\/p><\/li><\/ul>\t\t\t\t\t\t\t\t<\/div>\n\t\t\t\t\t<\/div>\n\t\t\t\t<\/div>\n\t\t<div class=\"elementor-element elementor-element-43e3dd88 e-flex e-con-boxed e-con e-parent\" data-id=\"43e3dd88\" data-element_type=\"container\" data-e-type=\"container\">\n\t\t\t\t\t<div class=\"e-con-inner\">\n\t\t\t\t<div class=\"elementor-element elementor-element-7d0fea0b elementor-widget elementor-widget-heading\" data-id=\"7d0fea0b\" data-element_type=\"widget\" data-e-type=\"widget\" data-widget_type=\"heading.default\">\n\t\t\t\t\t<h5 class=\"elementor-heading-title elementor-size-default\">Casos No Cubiertos por la Garant\u00eda<\/h5>\t\t\t\t<\/div>\n\t\t\t\t<div class=\"elementor-element elementor-element-4dbb4291 elementor-widget elementor-widget-text-editor\" data-id=\"4dbb4291\" data-element_type=\"widget\" data-e-type=\"widget\" data-widget_type=\"text-editor.default\">\n\t\t\t\t\t\t\t\t\t<ul><li><p data-path-to-node=\"24\">La garant\u00eda no cubre:<\/p><ul data-path-to-node=\"25\"><li><p data-path-to-node=\"25,0,0\"><b>Accesorios complementarios<\/b>\u00a0(micas, carcasas, protectores de teclado, fundas, entre otros).<\/p><\/li><li><p data-path-to-node=\"25,1,0\"><b>Software<\/b>\u00a0o aplicaciones.<\/p><\/li><li><p data-path-to-node=\"25,2,0\"><b>Informaci\u00f3n del cliente<\/b> (alphamovilr no se responsabiliza por la p\u00e9rdida de datos si no se realiz\u00f3 una copia de seguridad).<\/p><\/li><li><p data-path-to-node=\"25,3,0\"><b>Desgaste est\u00e9tico<\/b>\u00a0o deterioro por uso.<\/p><\/li><li><p data-path-to-node=\"25,4,0\"><b>Partes consumibles<\/b>, como bater\u00edas con desgaste por uso cotidiano.<\/p><\/li><li><p data-path-to-node=\"25,5,0\"><b>Protectores de pantalla<\/b>\u00a0en los siguientes casos:<\/p><ul data-path-to-node=\"25,5,1\"><li><p data-path-to-node=\"25,5,1,0,0\">Funcionalidad: No cubre quebraduras por golpes o impactos.<\/p><\/li><li><p data-path-to-node=\"25,5,1,1,0\">Da\u00f1o al dispositivo: Reduce el riesgo, pero no lo elimina completamente.<\/p><\/li><li><p data-path-to-node=\"25,5,1,2,0\">Burbuja de instalaci\u00f3n: Si aparece despu\u00e9s de 48 horas de uso, se considera mal uso.<\/p><\/li><li><p data-path-to-node=\"25,5,1,3,0\">Levantamiento del adhesivo: Puede ocurrir por carcasas incompatibles.<\/p><\/li><\/ul><\/li><\/ul><\/li><li><p data-path-to-node=\"16,1,0\"><b>Riesgo de P\u00e9rdida:<\/b>\u00a0El riesgo de p\u00e9rdida y titularidad de los art\u00edculos comprados pasan al Cliente en el momento de nuestra entrega al transportista.<\/p><\/li><\/ul>\t\t\t\t\t\t\t\t<\/div>\n\t\t\t\t\t<\/div>\n\t\t\t\t<\/div>\n\t\t<div class=\"elementor-element elementor-element-5a52744d e-flex e-con-boxed e-con e-parent\" data-id=\"5a52744d\" data-element_type=\"container\" data-e-type=\"container\">\n\t\t\t\t\t<div class=\"e-con-inner\">\n\t\t\t\t<div class=\"elementor-element elementor-element-f75cc6a elementor-widget elementor-widget-heading\" data-id=\"f75cc6a\" data-element_type=\"widget\" data-e-type=\"widget\" data-widget_type=\"heading.default\">\n\t\t\t\t\t<h5 class=\"elementor-heading-title elementor-size-default\">Causas que Invalidan la Garant\u00eda\n<\/h5>\t\t\t\t<\/div>\n\t\t\t\t<div class=\"elementor-element elementor-element-50123c11 elementor-widget elementor-widget-text-editor\" data-id=\"50123c11\" data-element_type=\"widget\" data-e-type=\"widget\" data-widget_type=\"text-editor.default\">\n\t\t\t\t\t\t\t\t\t<p data-path-to-node=\"28\">La garant\u00eda quedar\u00e1\u00a0<b>invalidada<\/b>\u00a0por las siguientes causas:<\/p><ul data-path-to-node=\"29\"><li><p data-path-to-node=\"29,0,0\">N\u00famero de serie ilegible o ausente.<\/p><\/li><li><p data-path-to-node=\"29,1,0\">Manipulaci\u00f3n, modificaci\u00f3n o alteraci\u00f3n del producto por terceros no autorizados por Apple.<\/p><\/li><li><p data-path-to-node=\"29,2,0\">Da\u00f1os por\u00a0<b>golpes, ca\u00eddas, roturas, rajaduras, quiebres, deformaciones, contacto con l\u00edquidos<\/b>\u00a0ni cualquier otro da\u00f1o producido por agentes externos o manipulaci\u00f3n inadecuada del usuario.<\/p><\/li><li><p data-path-to-node=\"29,3,0\">Da\u00f1os causados por accidentes o siniestros.<\/p><\/li><\/ul>\t\t\t\t\t\t\t\t<\/div>\n\t\t\t\t\t<\/div>\n\t\t\t\t<\/div>\n\t\t<div class=\"elementor-element elementor-element-18fbd2a9 e-flex e-con-boxed e-con e-parent\" data-id=\"18fbd2a9\" data-element_type=\"container\" data-e-type=\"container\">\n\t\t\t\t\t<div class=\"e-con-inner\">\n\t\t\t\t<div class=\"elementor-element elementor-element-38b6a50a elementor-widget elementor-widget-heading\" data-id=\"38b6a50a\" data-element_type=\"widget\" data-e-type=\"widget\" data-widget_type=\"heading.default\">\n\t\t\t\t\t<h5 class=\"elementor-heading-title elementor-size-default\">Servicio Fuera de Garant\u00eda<\/h5>\t\t\t\t<\/div>\n\t\t\t\t<div class=\"elementor-element elementor-element-2a50577e elementor-widget elementor-widget-text-editor\" data-id=\"2a50577e\" data-element_type=\"widget\" data-e-type=\"widget\" data-widget_type=\"text-editor.default\">\n\t\t\t\t\t\t\t\t\t<p data-path-to-node=\"32\">Luego del periodo de garant\u00eda, los siguientes productos no cuentan con servicio de reparaci\u00f3n y deben ser\u00a0<b>reemplazados a costo preferencial<\/b>:<\/p><ul data-path-to-node=\"33\"><li><p data-path-to-node=\"33,0,0\">Aud\u00edfonos Beats.<\/p><\/li><li><p data-path-to-node=\"33,1,0\">Todos los modelos de iPad.<\/p><\/li><li><p data-path-to-node=\"33,2,0\">Todos los modelos de Apple Watch (sin correas).<\/p><\/li><li><p data-path-to-node=\"33,3,0\">AirPods Max y todos los modelos de AirPods (solo la parte afectada: auricular izquierdo, derecho o caja de carga).<\/p><\/li><li><p data-path-to-node=\"33,4,0\">Apple TV y todos los modelos de Apple Pencil.<\/p><\/li><\/ul><p data-path-to-node=\"34\">El servicio fuera de garant\u00eda inicia con la evaluaci\u00f3n y diagn\u00f3stico del producto por parte del \u00e1rea de\u00a0<b>Servicio T\u00e9cnico de alphamovilr<\/b>.<\/p>\t\t\t\t\t\t\t\t<\/div>\n\t\t\t\t\t<\/div>\n\t\t\t\t<\/div>\n\t\t<div class=\"elementor-element elementor-element-6e98f64e e-flex e-con-boxed e-con e-parent\" data-id=\"6e98f64e\" data-element_type=\"container\" data-e-type=\"container\">\n\t\t\t\t\t<div class=\"e-con-inner\">\n\t\t\t\t<div class=\"elementor-element elementor-element-35d3f736 elementor-widget elementor-widget-heading\" data-id=\"35d3f736\" data-element_type=\"widget\" data-e-type=\"widget\" data-widget_type=\"heading.default\">\n\t\t\t\t\t<h5 class=\"elementor-heading-title elementor-size-default\">Compromiso Ambiental\n<\/h5>\t\t\t\t<\/div>\n\t\t\t\t<div class=\"elementor-element elementor-element-1a67301c elementor-widget elementor-widget-text-editor\" data-id=\"1a67301c\" data-element_type=\"widget\" data-e-type=\"widget\" data-widget_type=\"text-editor.default\">\n\t\t\t\t\t\t\t\t\t<p data-path-to-node=\"37\">Como parte del compromiso de Apple con el medio ambiente:<\/p><ul data-path-to-node=\"38\"><li><p data-path-to-node=\"38,0,0\">Desde el 30 de octubre de 2020, los modelos de iPhone y Apple Watch vendidos en alphamovilr <b>no incluyen adaptador de corriente ni EarPods<\/b>, los cuales deben adquirirse por separado. Se recomienda utilizar el cable incluido con un adaptador de corriente compatible o adquirir los accesorios seg\u00fan sea necesario.<\/p><\/li><li><p data-path-to-node=\"38,1,0\">A partir del 27 de septiembre de 2023, Apple ya no incluir\u00e1 cuero en ninguno de sus accesorios y reemplazar\u00e1 el material por\u00a0<b>FineWoven<\/b>, un textil con menor impacto ambiental. Tambi\u00e9n se han redise\u00f1ado los empaques de los productos Apple Watch Series 9 y Apple Watch Ultra 2 para eliminar el uso de pl\u00e1stico y reducir la huella de carbono.<\/p><\/li><\/ul>\t\t\t\t\t\t\t\t<\/div>\n\t\t\t\t\t<\/div>\n\t\t\t\t<\/div>\n\t\t<div class=\"elementor-element elementor-element-2e469bdc e-flex e-con-boxed e-con e-parent\" data-id=\"2e469bdc\" data-element_type=\"container\" data-e-type=\"container\">\n\t\t\t\t\t<div class=\"e-con-inner\">\n\t\t\t\t<div class=\"elementor-element elementor-element-5dc016da elementor-widget elementor-widget-heading\" data-id=\"5dc016da\" data-element_type=\"widget\" data-e-type=\"widget\" data-widget_type=\"heading.default\">\n\t\t\t\t\t<h5 class=\"elementor-heading-title elementor-size-default\">Divergencia en Fechas de Garant\u00eda\n<\/h5>\t\t\t\t<\/div>\n\t\t\t\t<div class=\"elementor-element elementor-element-528f5611 elementor-widget elementor-widget-text-editor\" data-id=\"528f5611\" data-element_type=\"widget\" data-e-type=\"widget\" data-widget_type=\"text-editor.default\">\n\t\t\t\t\t\t\t\t\t<p>En caso de constatarse divergencia entre la fecha de inicio de la garant\u00eda registrada por Apple y aquella consignada en el comprobante de pago, se considerar\u00e1\u00a0<b>irrefutablemente v\u00e1lida la \u00faltima<\/b>. Para la rectificaci\u00f3n correspondiente, el cliente deber\u00e1 presentarse en una sucursal de Tiendas alphamovilr o, alternativamente, acceder al siguiente enlace para su correcci\u00f3n:\u00a0https:\/\/support.apple.com\/es-lamr\/102865.<\/p>\t\t\t\t\t\t\t\t<\/div>\n\t\t\t\t\t<\/div>\n\t\t\t\t<\/div>\n\t\t<div class=\"elementor-element elementor-element-5306f3e e-flex e-con-boxed e-con e-parent\" data-id=\"5306f3e\" data-element_type=\"container\" data-e-type=\"container\">\n\t\t\t\t\t<div class=\"e-con-inner\">\n\t\t\t\t<div class=\"elementor-element elementor-element-5176c72 elementor-widget elementor-widget-spacer\" data-id=\"5176c72\" data-element_type=\"widget\" data-e-type=\"widget\" data-widget_type=\"spacer.default\">\n\t\t\t\t\t\t\t<div class=\"elementor-spacer\">\n\t\t\t<div class=\"elementor-spacer-inner\"><\/div>\n\t\t<\/div>\n\t\t\t\t\t\t<\/div>\n\t\t\t\t\t<\/div>\n\t\t\t\t<\/div>\n\t\t\t\t<\/div>\n\t\t","protected":false},"excerpt":{"rendered":"<p>Pol\u00edticas de Garant\u00eda y Devoluciones Introducci\u00f3n Alpha Movil R reconoce y respeta todos los derechos otorgados por la legislaci\u00f3n nacional a los consumidores y usuarios. Estas pol\u00edticas no deben interpretarse de manera que restrinjan o limiten dichos derechos. Pol\u00edticas de Cambios Para realizar un cambio, se deben cumplir las siguientes condiciones: Plazo:\u00a0Presentar el comprobante de [&hellip;]<\/p>\n","protected":false},"author":1,"featured_media":0,"parent":0,"menu_order":0,"comment_status":"closed","ping_status":"closed","template":"elementor_header_footer","meta":{"_acf_changed":false,"footnotes":""},"class_list":["post-2494","page","type-page","status-publish","hentry"],"blocksy_meta":[],"acf":[],"_links":{"self":[{"href":"https:\/\/alphamovilr.com\/index.php?rest_route=\/wp\/v2\/pages\/2494","targetHints":{"allow":["GET"]}}],"collection":[{"href":"https:\/\/alphamovilr.com\/index.php?rest_route=\/wp\/v2\/pages"}],"about":[{"href":"https:\/\/alphamovilr.com\/index.php?rest_route=\/wp\/v2\/types\/page"}],"author":[{"embeddable":true,"href":"https:\/\/alphamovilr.com\/index.php?rest_route=\/wp\/v2\/users\/1"}],"replies":[{"embeddable":true,"href":"https:\/\/alphamovilr.com\/index.php?rest_route=%2Fwp%2Fv2%2Fcomments&post=2494"}],"version-history":[{"count":5,"href":"https:\/\/alphamovilr.com\/index.php?rest_route=\/wp\/v2\/pages\/2494\/revisions"}],"predecessor-version":[{"id":2606,"href":"https:\/\/alphamovilr.com\/index.php?rest_route=\/wp\/v2\/pages\/2494\/revisions\/2606"}],"wp:attachment":[{"href":"https:\/\/alphamovilr.com\/index.php?rest_route=%2Fwp%2Fv2%2Fmedia&parent=2494"}],"curies":[{"name":"wp","href":"https:\/\/api.w.org\/{rel}","templated":true}]}}