{"id":2474,"date":"2026-01-28T04:21:08","date_gmt":"2026-01-28T04:21:08","guid":{"rendered":"https:\/\/alphamovilr.com\/?page_id=2474"},"modified":"2026-03-01T14:54:02","modified_gmt":"2026-03-01T14:54:02","slug":"terminos-y-condiciones","status":"publish","type":"page","link":"https:\/\/alphamovilr.com\/?page_id=2474","title":{"rendered":"T\u00e9rminos y Condiciones"},"content":{"rendered":"\t\t<div data-elementor-type=\"wp-page\" data-elementor-id=\"2474\" class=\"elementor elementor-2474\" data-elementor-post-type=\"page\">\n\t\t\t\t<div class=\"elementor-element elementor-element-1e81aca7 e-flex e-con-boxed e-con e-parent\" data-id=\"1e81aca7\" data-element_type=\"container\" data-e-type=\"container\">\n\t\t\t\t\t<div class=\"e-con-inner\">\n\t\t\t\t<div class=\"elementor-element elementor-element-111c7911 elementor-widget elementor-widget-spacer\" data-id=\"111c7911\" data-element_type=\"widget\" data-e-type=\"widget\" data-widget_type=\"spacer.default\">\n\t\t\t\t\t\t\t<div class=\"elementor-spacer\">\n\t\t\t<div class=\"elementor-spacer-inner\"><\/div>\n\t\t<\/div>\n\t\t\t\t\t\t<\/div>\n\t\t\t\t\t<\/div>\n\t\t\t\t<\/div>\n\t\t<div class=\"elementor-element elementor-element-62391fed e-flex e-con-boxed e-con e-parent\" data-id=\"62391fed\" data-element_type=\"container\" data-e-type=\"container\">\n\t\t\t\t\t<div class=\"e-con-inner\">\n\t\t\t\t<div class=\"elementor-element elementor-element-797b5d27 elementor-widget__width-initial elementor-widget elementor-widget-heading\" data-id=\"797b5d27\" data-element_type=\"widget\" data-e-type=\"widget\" data-widget_type=\"heading.default\">\n\t\t\t\t\t<h2 class=\"elementor-heading-title elementor-size-default\"><span style=\"color:#F07A31\">T\u00e9rminos y Condiciones <\/span> de\nServicio de Alpha M\u00f3vil<\/h2>\t\t\t\t<\/div>\n\t\t\t\t\t<\/div>\n\t\t\t\t<\/div>\n\t\t<div class=\"elementor-element elementor-element-c6723a2 e-flex e-con-boxed e-con e-parent\" data-id=\"c6723a2\" data-element_type=\"container\" data-e-type=\"container\">\n\t\t\t\t\t<div class=\"e-con-inner\">\n\t\t\t\t<div class=\"elementor-element elementor-element-a717dfa elementor-widget elementor-widget-heading\" data-id=\"a717dfa\" data-element_type=\"widget\" data-e-type=\"widget\" data-widget_type=\"heading.default\">\n\t\t\t\t\t<h5 class=\"elementor-heading-title elementor-size-default\">GENERALIDADES<\/h5>\t\t\t\t<\/div>\n\t\t\t\t<div class=\"elementor-element elementor-element-f1fdc57 elementor-widget elementor-widget-text-editor\" data-id=\"f1fdc57\" data-element_type=\"widget\" data-e-type=\"widget\" data-widget_type=\"text-editor.default\">\n\t\t\t\t\t\t\t\t\t<p data-path-to-node=\"2\"><b data-path-to-node=\"2\" data-index-in-node=\"0\">Alpha Movil<\/b> gestiona este sitio web. En todo el sitio, los t\u00e9rminos &#8220;nosotros&#8221;, &#8220;nos&#8221; y &#8220;nuestro&#8221; se refieren en lo sucesivo a <b data-path-to-node=\"2\" data-index-in-node=\"127\">Alpha Movil<\/b>. <b data-path-to-node=\"2\" data-index-in-node=\"140\">Alpha Movil<\/b> ofrece esta p<span class=\"citation-300 citation-301\">\u00e1gina web, incluida toda la informaci\u00f3n, las herramientas y los servicios que se ponen en este sitio a disposici\u00f3n suya, el usuario, <\/span><span class=\"citation-299 citation-300 citation-301 citation-end-301\">siempre y cuando acepte la totalidad de los t\u00e9rminos, condiciones, pol\u00edticas y avisos co<\/span><span class=\"citation-299 citation-300 citation-end-300\">ntemplados aqu<\/span><span class=\"citation-299 citation-end-299\">\u00ed.<\/span><\/p><div class=\"source-inline-chip-container ng-star-inserted\">\u00a0<\/div><p data-path-to-node=\"3\"><span class=\"citation-298\">Al visitar nuestro sitio y\/o comprarnos algo, usted <\/span><span class=\"citation-296 citation-297 citation-298 citation-end-298\">interact\u00faa con nuestro &#8220;Servicio&#8221; y reconoce como vinculantes los siguientes t\u00e9rminos y condiciones (denominados <\/span><span class=\"citation-296 citation-297 citation-end-297\">en lo sucesivo &#8220;T\u00e9rminos del servicio&#8221;, &#8220;T\u00e9rminos&#8221;), incluidos aquellos t\u00e9rminos y condiciones adicionales y las pol\u00edticas que se mencionan aqu\u00ed y\/o disponibles por medio de hiperv\u00edncul<\/span><span class=\"citation-296 citation-end-296\">o. Estos T\u00e9rminos del servicio se aplican a todos los usuario<\/span>s del sitio, incluyendo de manera enunciativa mas no limitativa <span class=\"citation-294 citation-295 citation-end-295\">los usuarios que son navegadores, proveedores, clientes, comerciantes y\/o que aporten contenido.<\/span><\/p><div class=\"source-inline-chip-container ng-star-inserted\">\u00a0<\/div><p data-path-to-node=\"4\"><span class=\"citation-292 citation-293\">Lea estos T\u00e9rminos del servicio detenidamente antes de acceder o utilizar nuestra p\u00e1gina web. Al acceder o utilizar cualquier parte del sitio, usted acepta estos T\u00e9rminos del servicio. Si no acepta la totalidad de los t\u00e9rminos y condiciones de <\/span><span class=\"citation-290 citation-291 citation-292 citation-293 citation-end-293\">este acuer<\/span><span class=\"citation-290 citation-291 citation-292 citation-end-292\">do, no <\/span><span class=\"citation-290 citation-291 citation-end-291\">podr\u00e1 acceder al sitio web ni utilizar ning\u00fan servicio. Si estos T\u00e9rminos del servicio se considerasen una oferta, la aceptaci\u00f3n se limita expresamente a los presentes T\u00e9rminos del servicio.<\/span><\/p><div class=\"source-inline-chip-container ng-star-inserted\">\u00a0<\/div><p data-path-to-node=\"5\"><span class=\"citation-288 citation-289 citation-end-289\">Las nuevas funciones o herramientas que se agreguen a la tienda actual tambi\u00e9n estar\u00e1n sujetas a los T\u00e9rminos del serv<\/span><span class=\"citation-288 citation-end-288\">icio. Puede revisar la versi\u00f3n m\u00e1s r<\/span>eciente de los T\u00e9rminos del servicio en cualquier momento en esta p\u00e1gina. Nos reservamos el derecho de actualizar, cambiar o reemplazar cualquier <span class=\"citation-287\">parte de los presentes T\u00e9rminos del servicio mediante la publicaci\u00f3n de actualizaciones o cambios en nuestra p\u00e1gina web. <\/span><span class=\"citation-285 citation-286 citation-287 citation-end-287\">Es su responsabilidad revisar esta p\u00e1gina peri\u00f3dicamente para ver los cambios. Su uso de la p\u00e1gina web o el acc<\/span><span class=\"citation-285 citation-286 citation-end-286\">eso a ella de forma continuada despu\u00e9s de la publicaci\u00f3n de cualquier cambio constituye la aceptaci\u00f3n de dichos cambio<\/span><span class=\"citation-285 citation-end-285\">s.<\/span><\/p><div class=\"source-inline-chip-container ng-star-inserted\">\u00a0<\/div><p data-path-to-node=\"6\">Nuestra tienda est\u00e1 alojada en Shopify Inc. Nos proporcionan la plataforma de comercio electr\u00f3nico en l\u00ednea que nos permite venderle nuestros productos y servicios.<\/p>\t\t\t\t\t\t\t\t<\/div>\n\t\t\t\t\t<\/div>\n\t\t\t\t<\/div>\n\t\t<div class=\"elementor-element elementor-element-202950f e-flex e-con-boxed e-con e-parent\" data-id=\"202950f\" data-element_type=\"container\" data-e-type=\"container\">\n\t\t\t\t\t<div class=\"e-con-inner\">\n\t\t\t\t<div class=\"elementor-element elementor-element-4c074a4 elementor-widget elementor-widget-heading\" data-id=\"4c074a4\" data-element_type=\"widget\" data-e-type=\"widget\" data-widget_type=\"heading.default\">\n\t\t\t\t\t<h5 class=\"elementor-heading-title elementor-size-default\">1. Uso del Sitio\n<\/h5>\t\t\t\t<\/div>\n\t\t\t\t<div class=\"elementor-element elementor-element-dd67715 elementor-widget elementor-widget-text-editor\" data-id=\"dd67715\" data-element_type=\"widget\" data-e-type=\"widget\" data-widget_type=\"text-editor.default\">\n\t\t\t\t\t\t\t\t\t<ul><li><p data-path-to-node=\"10,0,0\"><b>Edad M\u00ednima:<\/b>\u00a0El uso del Sitio y la compra de productos est\u00e1n disponibles solo para personas que tengan capacidad legal para contratar. Si usted es menor de edad, debe utilizar el Sitio bajo la supervisi\u00f3n de un padre o tutor legal.<\/p><\/li><li><p data-path-to-node=\"10,1,0\"><b>Cuenta de Usuario:<\/b> Es responsabilidad del Usuario mantener la confidencialidad de su cuenta y contrase\u00f1a, y restringir el acceso a su equipo. El Usuario asume la responsabilidad de todas las actividades que ocurran bajo su cuenta o contrase\u00f1a. Alphamovilr se reserva el derecho de rechazar el servicio, cancelar cuentas, eliminar o editar contenido, o cancelar pedidos a su entera discreci\u00f3n.<\/p><\/li><li><p data-path-to-node=\"10,2,0\"><b>Conducta:<\/b>\u00a0El Usuario se compromete a no utilizar el Sitio para fines il\u00edcitos o prohibidos por estos T\u00e9rminos. Queda estrictamente prohibido el env\u00edo o transmisi\u00f3n de material que sea difamatorio, obsceno, fraudulento o que viole derechos de propiedad intelectual.<\/p><\/li><\/ul>\t\t\t\t\t\t\t\t<\/div>\n\t\t\t\t\t<\/div>\n\t\t\t\t<\/div>\n\t\t<div class=\"elementor-element elementor-element-dde4459 e-flex e-con-boxed e-con e-parent\" data-id=\"dde4459\" data-element_type=\"container\" data-e-type=\"container\">\n\t\t\t\t\t<div class=\"e-con-inner\">\n\t\t\t\t<div class=\"elementor-element elementor-element-f0c4df8 elementor-widget elementor-widget-heading\" data-id=\"f0c4df8\" data-element_type=\"widget\" data-e-type=\"widget\" data-widget_type=\"heading.default\">\n\t\t\t\t\t<h5 class=\"elementor-heading-title elementor-size-default\">2. Productos y Servicios\n<\/h5>\t\t\t\t<\/div>\n\t\t\t\t<div class=\"elementor-element elementor-element-4762518 elementor-widget elementor-widget-text-editor\" data-id=\"4762518\" data-element_type=\"widget\" data-e-type=\"widget\" data-widget_type=\"text-editor.default\">\n\t\t\t\t\t\t\t\t\t<ul><li><b>Descripci\u00f3n:<\/b> alphamovilr intenta ser lo m\u00e1s preciso posible al describir los productos ofrecidos. Sin embargo, no garantiza que las descripciones de los productos u otro contenido del Sitio sean exactas, completas, fiables, actuales o libres de errores. Si un producto ofrecido por <b>Alpha Movil<\/b>\u00a0no se corresponde con su descripci\u00f3n, el \u00fanico recurso es devolverlo sin usar, conforme a la pol\u00edtica de devoluciones.<\/li><li><b>Disponibilidad:<\/b> Todos los productos y servicios est\u00e1n sujetos a disponibilidad.\u00a0<b>Alpha Movil<\/b>\u00a0se reserva el derecho de limitar las cantidades disponibles para la venta o suspender la venta de productos en cualquier momento sin previo aviso.<\/li><\/ul>\t\t\t\t\t\t\t\t<\/div>\n\t\t\t\t\t<\/div>\n\t\t\t\t<\/div>\n\t\t<div class=\"elementor-element elementor-element-7b84256 e-flex e-con-boxed e-con e-parent\" data-id=\"7b84256\" data-element_type=\"container\" data-e-type=\"container\">\n\t\t\t\t\t<div class=\"e-con-inner\">\n\t\t\t\t<div class=\"elementor-element elementor-element-b27961b elementor-widget elementor-widget-heading\" data-id=\"b27961b\" data-element_type=\"widget\" data-e-type=\"widget\" data-widget_type=\"heading.default\">\n\t\t\t\t\t<h5 class=\"elementor-heading-title elementor-size-default\">3. Precios y Pagos<\/h5>\t\t\t\t<\/div>\n\t\t\t\t<div class=\"elementor-element elementor-element-cdc7ec1 elementor-widget elementor-widget-text-editor\" data-id=\"cdc7ec1\" data-element_type=\"widget\" data-e-type=\"widget\" data-widget_type=\"text-editor.default\">\n\t\t\t\t\t\t\t\t\t<ul><li><p data-path-to-node=\"14,0,0\"><b>Precios:<\/b> Los precios de los productos y servicios est\u00e1n indicados en la moneda especificada en el Sitio e incluyen, cuando corresponda, los impuestos legalmente aplicables. alphamovilr se reserva el derecho de modificar los precios en cualquier momento, sin previo aviso, aunque los precios aplicables ser\u00e1n los vigentes en el momento de la confirmaci\u00f3n del pedido.<\/p><\/li><li><p data-path-to-node=\"14,1,0\"><b>M\u00e9todos de Pago:<\/b>\u00a0Aceptamos los m\u00e9todos de pago indicados en el proceso de compra. El Usuario declara que es el titular leg\u00edtimo del m\u00e9todo de pago utilizado.<\/p><\/li><li><p data-path-to-node=\"14,2,0\"><b>Facturaci\u00f3n:<\/b> El Cliente acepta recibir facturas electr\u00f3nicas de\u00a0<b>Alpha Movil<\/b>\u00a0a la direcci\u00f3n de correo electr\u00f3nico proporcionada.<\/p><\/li><\/ul>\t\t\t\t\t\t\t\t<\/div>\n\t\t\t\t\t<\/div>\n\t\t\t\t<\/div>\n\t\t<div class=\"elementor-element elementor-element-25476a9 e-flex e-con-boxed e-con e-parent\" data-id=\"25476a9\" data-element_type=\"container\" data-e-type=\"container\">\n\t\t\t\t\t<div class=\"e-con-inner\">\n\t\t\t\t<div class=\"elementor-element elementor-element-2c659a2 elementor-widget elementor-widget-heading\" data-id=\"2c659a2\" data-element_type=\"widget\" data-e-type=\"widget\" data-widget_type=\"heading.default\">\n\t\t\t\t\t<h5 class=\"elementor-heading-title elementor-size-default\">4. Env\u00edos y Entregas<\/h5>\t\t\t\t<\/div>\n\t\t\t\t<div class=\"elementor-element elementor-element-3dac6a8 elementor-widget elementor-widget-text-editor\" data-id=\"3dac6a8\" data-element_type=\"widget\" data-e-type=\"widget\" data-widget_type=\"text-editor.default\">\n\t\t\t\t\t\t\t\t\t<ul><li><p data-path-to-node=\"16,0,0\"><b>Plazos:<\/b> Los plazos de env\u00edo y entrega son estimados y se detallan durante el proceso de compra. alphamovilr no se hace responsable por demoras en la entrega causadas por la empresa de transporte, eventos de fuerza mayor o datos de direcci\u00f3n incorrectos proporcionados por el Cliente.<\/p><\/li><li><p data-path-to-node=\"16,1,0\"><b>Riesgo de P\u00e9rdida:<\/b>\u00a0El riesgo de p\u00e9rdida y titularidad de los art\u00edculos comprados pasan al Cliente en el momento de nuestra entrega al transportista.<\/p><\/li><\/ul>\t\t\t\t\t\t\t\t<\/div>\n\t\t\t\t\t<\/div>\n\t\t\t\t<\/div>\n\t\t<div class=\"elementor-element elementor-element-e37bc9b e-flex e-con-boxed e-con e-parent\" data-id=\"e37bc9b\" data-element_type=\"container\" data-e-type=\"container\">\n\t\t\t\t\t<div class=\"e-con-inner\">\n\t\t\t\t<div class=\"elementor-element elementor-element-33294ca elementor-widget elementor-widget-heading\" data-id=\"33294ca\" data-element_type=\"widget\" data-e-type=\"widget\" data-widget_type=\"heading.default\">\n\t\t\t\t\t<h5 class=\"elementor-heading-title elementor-size-default\">7. Pol\u00edtica de Devoluciones y Garant\u00eda\n<\/h5>\t\t\t\t<\/div>\n\t\t\t\t<div class=\"elementor-element elementor-element-6901845 elementor-widget elementor-widget-text-editor\" data-id=\"6901845\" data-element_type=\"widget\" data-e-type=\"widget\" data-widget_type=\"text-editor.default\">\n\t\t\t\t\t\t\t\t\t<p>La pol\u00edtica de devoluciones, cambios y garant\u00edas de alphamovilr se detalla en una secci\u00f3n aparte del Sitio (Pol\u00edtica de Devoluciones y Garant\u00edas) y forma parte integral de estos T\u00e9rminos. El Usuario debe revisar dicha pol\u00edtica antes de realizar una compra.<\/p>\t\t\t\t\t\t\t\t<\/div>\n\t\t\t\t\t<\/div>\n\t\t\t\t<\/div>\n\t\t<div class=\"elementor-element elementor-element-513cbfc e-flex e-con-boxed e-con e-parent\" data-id=\"513cbfc\" data-element_type=\"container\" data-e-type=\"container\">\n\t\t\t\t\t<div class=\"e-con-inner\">\n\t\t\t\t<div class=\"elementor-element elementor-element-045d466 elementor-widget elementor-widget-heading\" data-id=\"045d466\" data-element_type=\"widget\" data-e-type=\"widget\" data-widget_type=\"heading.default\">\n\t\t\t\t\t<h5 class=\"elementor-heading-title elementor-size-default\">8. Propiedad Intelectual\n<\/h5>\t\t\t\t<\/div>\n\t\t\t\t<div class=\"elementor-element elementor-element-21d5632 elementor-widget elementor-widget-text-editor\" data-id=\"21d5632\" data-element_type=\"widget\" data-e-type=\"widget\" data-widget_type=\"text-editor.default\">\n\t\t\t\t\t\t\t\t\t<p>Todo el contenido incluido o puesto a disposici\u00f3n a trav\u00e9s del Sitio, como textos, gr\u00e1ficos, logotipos, \u00edconos de botones, im\u00e1genes, clips de audio, descargas digitales, y compilaciones de datos, es propiedad de alphamovilr o de sus proveedores de contenido y est\u00e1 protegido por las leyes de propiedad intelectual internacionales.<\/p>\t\t\t\t\t\t\t\t<\/div>\n\t\t\t\t\t<\/div>\n\t\t\t\t<\/div>\n\t\t<div class=\"elementor-element elementor-element-04d4929 e-flex e-con-boxed e-con e-parent\" data-id=\"04d4929\" data-element_type=\"container\" data-e-type=\"container\">\n\t\t\t\t\t<div class=\"e-con-inner\">\n\t\t\t\t<div class=\"elementor-element elementor-element-397ebef elementor-widget elementor-widget-heading\" data-id=\"397ebef\" data-element_type=\"widget\" data-e-type=\"widget\" data-widget_type=\"heading.default\">\n\t\t\t\t\t<h5 class=\"elementor-heading-title elementor-size-default\">9. Modificaciones de los T\u00e9rmino\n<\/h5>\t\t\t\t<\/div>\n\t\t\t\t<div class=\"elementor-element elementor-element-4923d3c elementor-widget elementor-widget-text-editor\" data-id=\"4923d3c\" data-element_type=\"widget\" data-e-type=\"widget\" data-widget_type=\"text-editor.default\">\n\t\t\t\t\t\t\t\t\t<p>Alphamovilr se reserva el derecho de llevar a cabo cambios en el Sitio, pol\u00edticas, y en estos T\u00e9rminos en cualquier momento. El Usuario estar\u00e1 sujeto a los T\u00e9rminos vigentes en el momento de efectuar cada pedido.<\/p>\t\t\t\t\t\t\t\t<\/div>\n\t\t\t\t\t<\/div>\n\t\t\t\t<\/div>\n\t\t<div class=\"elementor-element elementor-element-99a864d e-flex e-con-boxed e-con e-parent\" data-id=\"99a864d\" data-element_type=\"container\" data-e-type=\"container\">\n\t\t\t\t\t<div class=\"e-con-inner\">\n\t\t\t\t<div class=\"elementor-element elementor-element-8691885 elementor-widget elementor-widget-heading\" data-id=\"8691885\" data-element_type=\"widget\" data-e-type=\"widget\" data-widget_type=\"heading.default\">\n\t\t\t\t\t<h5 class=\"elementor-heading-title elementor-size-default\">10. Ley Aplicable y Jurisdicci\u00f3n<\/h5>\t\t\t\t<\/div>\n\t\t\t\t\t<\/div>\n\t\t\t\t<\/div>\n\t\t<div class=\"elementor-element elementor-element-09aa639 e-flex e-con-boxed e-con e-parent\" data-id=\"09aa639\" data-element_type=\"container\" data-e-type=\"container\">\n\t\t\t\t\t<div class=\"e-con-inner\">\n\t\t\t\t<div class=\"elementor-element elementor-element-39ffbd9 elementor-widget elementor-widget-spacer\" data-id=\"39ffbd9\" data-element_type=\"widget\" data-e-type=\"widget\" data-widget_type=\"spacer.default\">\n\t\t\t\t\t\t\t<div class=\"elementor-spacer\">\n\t\t\t<div class=\"elementor-spacer-inner\"><\/div>\n\t\t<\/div>\n\t\t\t\t\t\t<\/div>\n\t\t\t\t\t<\/div>\n\t\t\t\t<\/div>\n\t\t\t\t<\/div>\n\t\t","protected":false},"excerpt":{"rendered":"<p>T\u00e9rminos y Condiciones de Servicio de Alpha M\u00f3vil GENERALIDADES Alpha Movil gestiona este sitio web. En todo el sitio, los t\u00e9rminos &#8220;nosotros&#8221;, &#8220;nos&#8221; y &#8220;nuestro&#8221; se refieren en lo sucesivo a Alpha Movil. Alpha Movil ofrece esta p\u00e1gina web, incluida toda la informaci\u00f3n, las herramientas y los servicios que se ponen en este sitio a [&hellip;]<\/p>\n","protected":false},"author":1,"featured_media":0,"parent":0,"menu_order":0,"comment_status":"closed","ping_status":"closed","template":"elementor_header_footer","meta":{"_acf_changed":false,"footnotes":""},"class_list":["post-2474","page","type-page","status-publish","hentry"],"blocksy_meta":[],"acf":[],"_links":{"self":[{"href":"https:\/\/alphamovilr.com\/index.php?rest_route=\/wp\/v2\/pages\/2474","targetHints":{"allow":["GET"]}}],"collection":[{"href":"https:\/\/alphamovilr.com\/index.php?rest_route=\/wp\/v2\/pages"}],"about":[{"href":"https:\/\/alphamovilr.com\/index.php?rest_route=\/wp\/v2\/types\/page"}],"author":[{"embeddable":true,"href":"https:\/\/alphamovilr.com\/index.php?rest_route=\/wp\/v2\/users\/1"}],"replies":[{"embeddable":true,"href":"https:\/\/alphamovilr.com\/index.php?rest_route=%2Fwp%2Fv2%2Fcomments&post=2474"}],"version-history":[{"count":5,"href":"https:\/\/alphamovilr.com\/index.php?rest_route=\/wp\/v2\/pages\/2474\/revisions"}],"predecessor-version":[{"id":2600,"href":"https:\/\/alphamovilr.com\/index.php?rest_route=\/wp\/v2\/pages\/2474\/revisions\/2600"}],"wp:attachment":[{"href":"https:\/\/alphamovilr.com\/index.php?rest_route=%2Fwp%2Fv2%2Fmedia&parent=2474"}],"curies":[{"name":"wp","href":"https:\/\/api.w.org\/{rel}","templated":true}]}}