{"id":2398,"date":"2026-01-27T00:51:36","date_gmt":"2026-01-27T00:51:36","guid":{"rendered":"https:\/\/alphamovilr.com\/?page_id=2398"},"modified":"2026-01-27T00:54:37","modified_gmt":"2026-01-27T00:54:37","slug":"iphone-14-series","status":"publish","type":"page","link":"https:\/\/alphamovilr.com\/?page_id=2398","title":{"rendered":"iPhone 14 Series"},"content":{"rendered":"\t\t<div data-elementor-type=\"wp-page\" data-elementor-id=\"2398\" class=\"elementor elementor-2398\" data-elementor-post-type=\"page\">\n\t\t\t\t<div class=\"elementor-element elementor-element-18c18eb e-flex e-con-boxed e-con e-parent\" data-id=\"18c18eb\" data-element_type=\"container\" data-e-type=\"container\">\n\t\t\t\t\t<div class=\"e-con-inner\">\n\t\t\t\t<div class=\"elementor-element elementor-element-5c670216 elementor-widget elementor-widget-spacer\" data-id=\"5c670216\" data-element_type=\"widget\" data-e-type=\"widget\" data-widget_type=\"spacer.default\">\n\t\t\t\t\t\t\t<div class=\"elementor-spacer\">\n\t\t\t<div class=\"elementor-spacer-inner\"><\/div>\n\t\t<\/div>\n\t\t\t\t\t\t<\/div>\n\t\t\t\t\t<\/div>\n\t\t\t\t<\/div>\n\t\t<div class=\"elementor-element elementor-element-76dbff17 e-flex e-con-boxed e-con e-parent\" data-id=\"76dbff17\" data-element_type=\"container\" data-e-type=\"container\">\n\t\t\t\t\t<div class=\"e-con-inner\">\n\t\t\t\t<div class=\"elementor-element elementor-element-552636c elementor-grid-1 elementor-grid-tablet-1 elementor-grid-mobile-1 elementor-widget elementor-widget-loop-grid\" data-id=\"552636c\" data-element_type=\"widget\" data-e-type=\"widget\" data-settings=\"{&quot;template_id&quot;:&quot;2090&quot;,&quot;columns&quot;:1,&quot;row_gap&quot;:{&quot;unit&quot;:&quot;px&quot;,&quot;size&quot;:0,&quot;sizes&quot;:[]},&quot;columns_tablet&quot;:1,&quot;_skin&quot;:&quot;post&quot;,&quot;columns_mobile&quot;:&quot;1&quot;,&quot;edit_handle_selector&quot;:&quot;[data-elementor-type=\\&quot;loop-item\\&quot;]&quot;,&quot;row_gap_tablet&quot;:{&quot;unit&quot;:&quot;px&quot;,&quot;size&quot;:&quot;&quot;,&quot;sizes&quot;:[]},&quot;row_gap_mobile&quot;:{&quot;unit&quot;:&quot;px&quot;,&quot;size&quot;:&quot;&quot;,&quot;sizes&quot;:[]}}\" data-widget_type=\"loop-grid.post\">\n\t\t\t\t<div class=\"elementor-widget-container\">\n\t\t\t\t\t\t\t<div class=\"elementor-loop-container elementor-grid\" role=\"list\">\n\t\t<style id=\"loop-2090\">.elementor-2090 .elementor-element.elementor-element-a649fa8{--display:flex;--flex-direction:row;--container-widget-width:initial;--container-widget-height:100%;--container-widget-flex-grow:1;--container-widget-align-self:stretch;--flex-wrap-mobile:wrap;--justify-content:center;border-style:solid;--border-style:solid;border-width:0px 0px 2px 0px;--border-top-width:0px;--border-right-width:0px;--border-bottom-width:2px;--border-left-width:0px;border-color:#E0E0E0;--border-color:#E0E0E0;--border-radius:0px 0px 0px 0px;--margin-top:0px;--margin-bottom:0px;--margin-left:0px;--margin-right:0px;--padding-top:20px;--padding-bottom:20px;--padding-left:52px;--padding-right:52px;}.elementor-2090 .elementor-element.elementor-element-a649fa8:not(.elementor-motion-effects-element-type-background), .elementor-2090 .elementor-element.elementor-element-a649fa8 > .elementor-motion-effects-container > .elementor-motion-effects-layer{background-color:#FFFFFF;}.elementor-2090 .elementor-element.elementor-element-b5d0d53{--display:flex;--justify-content:center;--gap:06px 06px;--row-gap:06px;--column-gap:06px;--margin-top:0px;--margin-bottom:0px;--margin-left:0px;--margin-right:0px;--padding-top:0px;--padding-bottom:0px;--padding-left:0px;--padding-right:85px;}.elementor-2090 .elementor-element.elementor-element-646a182{text-align:start;font-family:\"Inter\", Sans-serif;font-size:16px;font-weight:800;letter-spacing:2.6px;color:#F07A31;}.elementor-2090 .elementor-element.elementor-element-ef87746{text-align:start;margin:0px 0px calc(var(--kit-widget-spacing, 0px) + 0px) 0px;padding:0px 0px 0px 0px;}.elementor-2090 .elementor-element.elementor-element-ef87746 .elementor-heading-title{font-family:\"Roboto\", Sans-serif;font-size:70px;font-weight:500;line-height:1.05em;letter-spacing:-0.7px;color:#241E1E;}.elementor-2090 .elementor-element.elementor-element-6bf64ad{text-align:center;font-family:\"Inter\", Sans-serif;font-size:18px;font-weight:500;letter-spacing:0.7px;}.elementor-2090 .elementor-element.elementor-element-195e5c4 .elementor-button{font-family:\"Roboto\", Sans-serif;font-size:16px;font-weight:500;fill:#0069FF;color:#0069FF;background-color:#02010100;border-style:solid;border-width:2px 2px 2px 2px;border-color:#0069FF;border-radius:60px 60px 60px 60px;padding:15px 25px 15px 25px;}.elementor-2090 .elementor-element.elementor-element-195e5c4{margin:10px 0px calc(var(--kit-widget-spacing, 0px) + 0px) 0px;padding:0px 0px 0px 0px;}.elementor-2090 .elementor-element.elementor-element-f7058e5{--display:flex;--margin-top:0px;--margin-bottom:0px;--margin-left:0px;--margin-right:0px;--padding-top:0px;--padding-bottom:0px;--padding-left:0px;--padding-right:0px;}@media(max-width:1024px){.elementor-2090 .elementor-element.elementor-element-b5d0d53{--padding-top:0px;--padding-bottom:0px;--padding-left:0px;--padding-right:0px;}.elementor-2090 .elementor-element.elementor-element-ef87746 .elementor-heading-title{font-size:35px;}}@media(max-width:767px){.elementor-2090 .elementor-element.elementor-element-a649fa8{--padding-top:0px;--padding-bottom:0px;--padding-left:0px;--padding-right:0px;}.elementor-2090 .elementor-element.elementor-element-b5d0d53{--padding-top:35px;--padding-bottom:0px;--padding-left:35px;--padding-right:35px;}.elementor-2090 .elementor-element.elementor-element-ef87746 .elementor-heading-title{font-size:40px;}.elementor-2090 .elementor-element.elementor-element-f7058e5{--padding-top:0px;--padding-bottom:25px;--padding-left:0px;--padding-right:0px;}}@media(min-width:768px){.elementor-2090 .elementor-element.elementor-element-b5d0d53{--width:65%;}.elementor-2090 .elementor-element.elementor-element-f7058e5{--width:35%;}}<\/style>\t\t<div data-elementor-type=\"loop-item\" data-elementor-id=\"2090\" class=\"elementor elementor-2090 e-loop-item e-loop-item-1713 post-1713 product type-product status-publish has-post-thumbnail product_cat-iphone product_tag-iphone-14 first instock shipping-taxable purchasable product-type-variable\" data-elementor-post-type=\"elementor_library\" data-custom-edit-handle=\"1\">\n\t\t\t<div class=\"elementor-element elementor-element-a649fa8 e-flex e-con-boxed e-con e-parent\" data-id=\"a649fa8\" data-element_type=\"container\" data-e-type=\"container\" data-settings=\"{&quot;background_background&quot;:&quot;classic&quot;}\">\n\t\t\t\t\t<div class=\"e-con-inner\">\n\t\t<div class=\"elementor-element elementor-element-b5d0d53 e-con-full e-flex e-con e-child\" data-id=\"b5d0d53\" data-element_type=\"container\" data-e-type=\"container\">\n\t\t\t\t<div class=\"elementor-element elementor-element-646a182 elementor-widget elementor-widget-text-editor\" data-id=\"646a182\" data-element_type=\"widget\" data-e-type=\"widget\" data-widget_type=\"text-editor.default\">\n\t\t\t\t\t\t\t\t\t<p>NUEVO<\/p>\t\t\t\t\t\t\t\t<\/div>\n\t\t\t\t<div class=\"elementor-element elementor-element-ef87746 elementor-widget elementor-widget-woocommerce-product-title elementor-page-title elementor-widget-heading\" data-id=\"ef87746\" data-element_type=\"widget\" data-e-type=\"widget\" data-widget_type=\"woocommerce-product-title.default\">\n\t\t\t\t\t<h1 class=\"product_title entry-title elementor-heading-title elementor-size-default\">iPhone 14 Pro Max<\/h1>\t\t\t\t<\/div>\n\t\t\t\t<div class=\"elementor-element elementor-element-195e5c4 elementor-align-left elementor-widget elementor-widget-button\" data-id=\"195e5c4\" data-element_type=\"widget\" data-e-type=\"widget\" data-widget_type=\"button.default\">\n\t\t\t\t\t\t\t\t\t\t<a class=\"elementor-button elementor-button-link elementor-size-sm\" href=\"https:\/\/alphamovilr.com\/?product=iphone-14-pro-max\">\n\t\t\t\t\t\t<span class=\"elementor-button-content-wrapper\">\n\t\t\t\t\t\t\t\t\t<span class=\"elementor-button-text\">Ver modelo<\/span>\n\t\t\t\t\t<\/span>\n\t\t\t\t\t<\/a>\n\t\t\t\t\t\t\t\t<\/div>\n\t\t\t\t<\/div>\n\t\t<div class=\"elementor-element elementor-element-f7058e5 e-con-full e-flex e-con e-child\" data-id=\"f7058e5\" data-element_type=\"container\" data-e-type=\"container\">\n\t\t\t\t<div class=\"elementor-element elementor-element-ffd8e0c elementor-widget elementor-widget-theme-post-featured-image elementor-widget-image\" data-id=\"ffd8e0c\" data-element_type=\"widget\" data-e-type=\"widget\" data-widget_type=\"theme-post-featured-image.default\">\n\t\t\t\t\t\t\t\t\t\t\t\t\t\t\t<img fetchpriority=\"high\" decoding=\"async\" width=\"1024\" height=\"1024\" src=\"https:\/\/alphamovilr.com\/wp-content\/uploads\/2026\/01\/iphone-14-pro-plata-1024x1024.webp\" class=\"attachment-large size-large wp-image-1694\" alt=\"\" srcset=\"https:\/\/alphamovilr.com\/wp-content\/uploads\/2026\/01\/iphone-14-pro-plata-1024x1024.webp 1024w, https:\/\/alphamovilr.com\/wp-content\/uploads\/2026\/01\/iphone-14-pro-plata-300x300.webp 300w, https:\/\/alphamovilr.com\/wp-content\/uploads\/2026\/01\/iphone-14-pro-plata-150x150.webp 150w, https:\/\/alphamovilr.com\/wp-content\/uploads\/2026\/01\/iphone-14-pro-plata-768x768.webp 768w, https:\/\/alphamovilr.com\/wp-content\/uploads\/2026\/01\/iphone-14-pro-plata-600x600.webp 600w, https:\/\/alphamovilr.com\/wp-content\/uploads\/2026\/01\/iphone-14-pro-plata-100x100.webp 100w, https:\/\/alphamovilr.com\/wp-content\/uploads\/2026\/01\/iphone-14-pro-plata-50x50.webp 50w, https:\/\/alphamovilr.com\/wp-content\/uploads\/2026\/01\/iphone-14-pro-plata.webp 1080w\" sizes=\"(max-width: 1024px) 100vw, 1024px\" \/>\t\t\t\t\t\t\t\t\t\t\t\t\t\t\t<\/div>\n\t\t\t\t<\/div>\n\t\t\t\t\t<\/div>\n\t\t\t\t<\/div>\n\t\t\t\t<\/div>\n\t\t\t\t<div data-elementor-type=\"loop-item\" data-elementor-id=\"2090\" class=\"elementor elementor-2090 e-loop-item e-loop-item-1677 post-1677 product type-product status-publish has-post-thumbnail product_cat-iphone product_tag-iphone-14  instock shipping-taxable purchasable product-type-variable\" data-elementor-post-type=\"elementor_library\" data-custom-edit-handle=\"1\">\n\t\t\t<div class=\"elementor-element elementor-element-a649fa8 e-flex e-con-boxed e-con e-parent\" data-id=\"a649fa8\" data-element_type=\"container\" data-e-type=\"container\" data-settings=\"{&quot;background_background&quot;:&quot;classic&quot;}\">\n\t\t\t\t\t<div class=\"e-con-inner\">\n\t\t<div class=\"elementor-element elementor-element-b5d0d53 e-con-full e-flex e-con e-child\" data-id=\"b5d0d53\" data-element_type=\"container\" data-e-type=\"container\">\n\t\t\t\t<div class=\"elementor-element elementor-element-646a182 elementor-widget elementor-widget-text-editor\" data-id=\"646a182\" data-element_type=\"widget\" data-e-type=\"widget\" data-widget_type=\"text-editor.default\">\n\t\t\t\t\t\t\t\t\t<p>NUEVO<\/p>\t\t\t\t\t\t\t\t<\/div>\n\t\t\t\t<div class=\"elementor-element elementor-element-ef87746 elementor-widget elementor-widget-woocommerce-product-title elementor-page-title elementor-widget-heading\" data-id=\"ef87746\" data-element_type=\"widget\" data-e-type=\"widget\" data-widget_type=\"woocommerce-product-title.default\">\n\t\t\t\t\t<h1 class=\"product_title entry-title elementor-heading-title elementor-size-default\">iPhone 14 Pro<\/h1>\t\t\t\t<\/div>\n\t\t\t\t<div class=\"elementor-element elementor-element-195e5c4 elementor-align-left elementor-widget elementor-widget-button\" data-id=\"195e5c4\" data-element_type=\"widget\" data-e-type=\"widget\" data-widget_type=\"button.default\">\n\t\t\t\t\t\t\t\t\t\t<a class=\"elementor-button elementor-button-link elementor-size-sm\" href=\"https:\/\/alphamovilr.com\/?product=iphone-14-pro\">\n\t\t\t\t\t\t<span class=\"elementor-button-content-wrapper\">\n\t\t\t\t\t\t\t\t\t<span class=\"elementor-button-text\">Ver modelo<\/span>\n\t\t\t\t\t<\/span>\n\t\t\t\t\t<\/a>\n\t\t\t\t\t\t\t\t<\/div>\n\t\t\t\t<\/div>\n\t\t<div class=\"elementor-element elementor-element-f7058e5 e-con-full e-flex e-con e-child\" data-id=\"f7058e5\" data-element_type=\"container\" data-e-type=\"container\">\n\t\t\t\t<div class=\"elementor-element elementor-element-ffd8e0c elementor-widget elementor-widget-theme-post-featured-image elementor-widget-image\" data-id=\"ffd8e0c\" data-element_type=\"widget\" data-e-type=\"widget\" data-widget_type=\"theme-post-featured-image.default\">\n\t\t\t\t\t\t\t\t\t\t\t\t\t\t\t<img decoding=\"async\" width=\"1024\" height=\"1024\" src=\"https:\/\/alphamovilr.com\/wp-content\/uploads\/2026\/01\/iPhone-14-Pro-1-1024x1024.webp\" class=\"attachment-large size-large wp-image-1712\" alt=\"\" srcset=\"https:\/\/alphamovilr.com\/wp-content\/uploads\/2026\/01\/iPhone-14-Pro-1-1024x1024.webp 1024w, https:\/\/alphamovilr.com\/wp-content\/uploads\/2026\/01\/iPhone-14-Pro-1-300x300.webp 300w, https:\/\/alphamovilr.com\/wp-content\/uploads\/2026\/01\/iPhone-14-Pro-1-150x150.webp 150w, https:\/\/alphamovilr.com\/wp-content\/uploads\/2026\/01\/iPhone-14-Pro-1-768x768.webp 768w, https:\/\/alphamovilr.com\/wp-content\/uploads\/2026\/01\/iPhone-14-Pro-1-600x600.webp 600w, https:\/\/alphamovilr.com\/wp-content\/uploads\/2026\/01\/iPhone-14-Pro-1-100x100.webp 100w, https:\/\/alphamovilr.com\/wp-content\/uploads\/2026\/01\/iPhone-14-Pro-1-50x50.webp 50w, https:\/\/alphamovilr.com\/wp-content\/uploads\/2026\/01\/iPhone-14-Pro-1.webp 1080w\" sizes=\"(max-width: 1024px) 100vw, 1024px\" \/>\t\t\t\t\t\t\t\t\t\t\t\t\t\t\t<\/div>\n\t\t\t\t<\/div>\n\t\t\t\t\t<\/div>\n\t\t\t\t<\/div>\n\t\t\t\t<\/div>\n\t\t\t\t<div data-elementor-type=\"loop-item\" data-elementor-id=\"2090\" class=\"elementor elementor-2090 e-loop-item e-loop-item-1658 post-1658 product type-product status-publish has-post-thumbnail product_cat-iphone product_tag-iphone-14 last instock shipping-taxable purchasable product-type-variable\" data-elementor-post-type=\"elementor_library\" data-custom-edit-handle=\"1\">\n\t\t\t<div class=\"elementor-element elementor-element-a649fa8 e-flex e-con-boxed e-con e-parent\" data-id=\"a649fa8\" data-element_type=\"container\" data-e-type=\"container\" data-settings=\"{&quot;background_background&quot;:&quot;classic&quot;}\">\n\t\t\t\t\t<div class=\"e-con-inner\">\n\t\t<div class=\"elementor-element elementor-element-b5d0d53 e-con-full e-flex e-con e-child\" data-id=\"b5d0d53\" data-element_type=\"container\" data-e-type=\"container\">\n\t\t\t\t<div class=\"elementor-element elementor-element-646a182 elementor-widget elementor-widget-text-editor\" data-id=\"646a182\" data-element_type=\"widget\" data-e-type=\"widget\" data-widget_type=\"text-editor.default\">\n\t\t\t\t\t\t\t\t\t<p>NUEVO<\/p>\t\t\t\t\t\t\t\t<\/div>\n\t\t\t\t<div class=\"elementor-element elementor-element-ef87746 elementor-widget elementor-widget-woocommerce-product-title elementor-page-title elementor-widget-heading\" data-id=\"ef87746\" data-element_type=\"widget\" data-e-type=\"widget\" data-widget_type=\"woocommerce-product-title.default\">\n\t\t\t\t\t<h1 class=\"product_title entry-title elementor-heading-title elementor-size-default\">iPhone 14 Plus<\/h1>\t\t\t\t<\/div>\n\t\t\t\t<div class=\"elementor-element elementor-element-195e5c4 elementor-align-left elementor-widget elementor-widget-button\" data-id=\"195e5c4\" data-element_type=\"widget\" data-e-type=\"widget\" data-widget_type=\"button.default\">\n\t\t\t\t\t\t\t\t\t\t<a class=\"elementor-button elementor-button-link elementor-size-sm\" href=\"https:\/\/alphamovilr.com\/?product=iphone-14-plus\">\n\t\t\t\t\t\t<span class=\"elementor-button-content-wrapper\">\n\t\t\t\t\t\t\t\t\t<span class=\"elementor-button-text\">Ver modelo<\/span>\n\t\t\t\t\t<\/span>\n\t\t\t\t\t<\/a>\n\t\t\t\t\t\t\t\t<\/div>\n\t\t\t\t<\/div>\n\t\t<div class=\"elementor-element elementor-element-f7058e5 e-con-full e-flex e-con e-child\" data-id=\"f7058e5\" data-element_type=\"container\" data-e-type=\"container\">\n\t\t\t\t<div class=\"elementor-element elementor-element-ffd8e0c elementor-widget elementor-widget-theme-post-featured-image elementor-widget-image\" data-id=\"ffd8e0c\" data-element_type=\"widget\" data-e-type=\"widget\" data-widget_type=\"theme-post-featured-image.default\">\n\t\t\t\t\t\t\t\t\t\t\t\t\t\t\t<img decoding=\"async\" width=\"1024\" height=\"1024\" src=\"https:\/\/alphamovilr.com\/wp-content\/uploads\/2026\/01\/iphone-14-Amarillo-1024x1024.webp\" class=\"attachment-large size-large wp-image-1634\" alt=\"\" srcset=\"https:\/\/alphamovilr.com\/wp-content\/uploads\/2026\/01\/iphone-14-Amarillo-1024x1024.webp 1024w, https:\/\/alphamovilr.com\/wp-content\/uploads\/2026\/01\/iphone-14-Amarillo-300x300.webp 300w, https:\/\/alphamovilr.com\/wp-content\/uploads\/2026\/01\/iphone-14-Amarillo-150x150.webp 150w, https:\/\/alphamovilr.com\/wp-content\/uploads\/2026\/01\/iphone-14-Amarillo-768x768.webp 768w, https:\/\/alphamovilr.com\/wp-content\/uploads\/2026\/01\/iphone-14-Amarillo-600x600.webp 600w, https:\/\/alphamovilr.com\/wp-content\/uploads\/2026\/01\/iphone-14-Amarillo-100x100.webp 100w, https:\/\/alphamovilr.com\/wp-content\/uploads\/2026\/01\/iphone-14-Amarillo-50x50.webp 50w, https:\/\/alphamovilr.com\/wp-content\/uploads\/2026\/01\/iphone-14-Amarillo.webp 1080w\" sizes=\"(max-width: 1024px) 100vw, 1024px\" \/>\t\t\t\t\t\t\t\t\t\t\t\t\t\t\t<\/div>\n\t\t\t\t<\/div>\n\t\t\t\t\t<\/div>\n\t\t\t\t<\/div>\n\t\t\t\t<\/div>\n\t\t\t\t<div data-elementor-type=\"loop-item\" data-elementor-id=\"2090\" class=\"elementor elementor-2090 e-loop-item e-loop-item-1613 post-1613 product type-product status-publish has-post-thumbnail product_cat-iphone product_tag-iphone-14 first instock shipping-taxable purchasable product-type-variable\" data-elementor-post-type=\"elementor_library\" data-custom-edit-handle=\"1\">\n\t\t\t<div class=\"elementor-element elementor-element-a649fa8 e-flex e-con-boxed e-con e-parent\" data-id=\"a649fa8\" data-element_type=\"container\" data-e-type=\"container\" data-settings=\"{&quot;background_background&quot;:&quot;classic&quot;}\">\n\t\t\t\t\t<div class=\"e-con-inner\">\n\t\t<div class=\"elementor-element elementor-element-b5d0d53 e-con-full e-flex e-con e-child\" data-id=\"b5d0d53\" data-element_type=\"container\" data-e-type=\"container\">\n\t\t\t\t<div class=\"elementor-element elementor-element-646a182 elementor-widget elementor-widget-text-editor\" data-id=\"646a182\" data-element_type=\"widget\" data-e-type=\"widget\" data-widget_type=\"text-editor.default\">\n\t\t\t\t\t\t\t\t\t<p>NUEVO<\/p>\t\t\t\t\t\t\t\t<\/div>\n\t\t\t\t<div class=\"elementor-element elementor-element-ef87746 elementor-widget elementor-widget-woocommerce-product-title elementor-page-title elementor-widget-heading\" data-id=\"ef87746\" data-element_type=\"widget\" data-e-type=\"widget\" data-widget_type=\"woocommerce-product-title.default\">\n\t\t\t\t\t<h1 class=\"product_title entry-title elementor-heading-title elementor-size-default\">iPhone 14<\/h1>\t\t\t\t<\/div>\n\t\t\t\t<div class=\"elementor-element elementor-element-195e5c4 elementor-align-left elementor-widget elementor-widget-button\" data-id=\"195e5c4\" data-element_type=\"widget\" data-e-type=\"widget\" data-widget_type=\"button.default\">\n\t\t\t\t\t\t\t\t\t\t<a class=\"elementor-button elementor-button-link elementor-size-sm\" href=\"https:\/\/alphamovilr.com\/?product=iphone-14\">\n\t\t\t\t\t\t<span class=\"elementor-button-content-wrapper\">\n\t\t\t\t\t\t\t\t\t<span class=\"elementor-button-text\">Ver modelo<\/span>\n\t\t\t\t\t<\/span>\n\t\t\t\t\t<\/a>\n\t\t\t\t\t\t\t\t<\/div>\n\t\t\t\t<\/div>\n\t\t<div class=\"elementor-element elementor-element-f7058e5 e-con-full e-flex e-con e-child\" data-id=\"f7058e5\" data-element_type=\"container\" data-e-type=\"container\">\n\t\t\t\t<div class=\"elementor-element elementor-element-ffd8e0c elementor-widget elementor-widget-theme-post-featured-image elementor-widget-image\" data-id=\"ffd8e0c\" data-element_type=\"widget\" data-e-type=\"widget\" data-widget_type=\"theme-post-featured-image.default\">\n\t\t\t\t\t\t\t\t\t\t\t\t\t\t\t<img loading=\"lazy\" decoding=\"async\" width=\"1024\" height=\"1024\" src=\"https:\/\/alphamovilr.com\/wp-content\/uploads\/2026\/01\/iPhone-14-2-1024x1024.webp\" class=\"attachment-large size-large wp-image-1614\" alt=\"\" srcset=\"https:\/\/alphamovilr.com\/wp-content\/uploads\/2026\/01\/iPhone-14-2-1024x1024.webp 1024w, https:\/\/alphamovilr.com\/wp-content\/uploads\/2026\/01\/iPhone-14-2-300x300.webp 300w, https:\/\/alphamovilr.com\/wp-content\/uploads\/2026\/01\/iPhone-14-2-150x150.webp 150w, https:\/\/alphamovilr.com\/wp-content\/uploads\/2026\/01\/iPhone-14-2-768x768.webp 768w, https:\/\/alphamovilr.com\/wp-content\/uploads\/2026\/01\/iPhone-14-2-600x600.webp 600w, https:\/\/alphamovilr.com\/wp-content\/uploads\/2026\/01\/iPhone-14-2-100x100.webp 100w, https:\/\/alphamovilr.com\/wp-content\/uploads\/2026\/01\/iPhone-14-2-50x50.webp 50w, https:\/\/alphamovilr.com\/wp-content\/uploads\/2026\/01\/iPhone-14-2.webp 1080w\" sizes=\"(max-width: 1024px) 100vw, 1024px\" \/>\t\t\t\t\t\t\t\t\t\t\t\t\t\t\t<\/div>\n\t\t\t\t<\/div>\n\t\t\t\t\t<\/div>\n\t\t\t\t<\/div>\n\t\t\t\t<\/div>\n\t\t\t\t<\/div>\n\t\t\n\t\t\t\t\t\t<\/div>\n\t\t\t\t<\/div>\n\t\t\t\t\t<\/div>\n\t\t\t\t<\/div>\n\t\t<div class=\"elementor-element elementor-element-6635814c e-flex e-con-boxed e-con e-parent\" data-id=\"6635814c\" data-element_type=\"container\" data-e-type=\"container\">\n\t\t\t\t\t<div class=\"e-con-inner\">\n\t\t\t\t<div class=\"elementor-element elementor-element-3c68d637 elementor-widget elementor-widget-spacer\" data-id=\"3c68d637\" data-element_type=\"widget\" data-e-type=\"widget\" data-widget_type=\"spacer.default\">\n\t\t\t\t\t\t\t<div class=\"elementor-spacer\">\n\t\t\t<div class=\"elementor-spacer-inner\"><\/div>\n\t\t<\/div>\n\t\t\t\t\t\t<\/div>\n\t\t\t\t\t<\/div>\n\t\t\t\t<\/div>\n\t\t<div class=\"elementor-element elementor-element-29a43b08 e-flex e-con-boxed e-con e-parent\" data-id=\"29a43b08\" data-element_type=\"container\" data-e-type=\"container\">\n\t\t\t\t\t<div class=\"e-con-inner\">\n\t\t\t\t<div class=\"elementor-element elementor-element-e0b3fbe elementor-widget elementor-widget-html\" data-id=\"e0b3fbe\" data-element_type=\"widget\" data-e-type=\"widget\" data-widget_type=\"html.default\">\n\t\t\t\t\t<html>\n<div class=\"ticker-wrapper-2\">\n  <div class=\"ticker\">\n    <div class=\"ticker-item\">Tus expertos locales en Apple<\/div>\n    <div class=\"ticker-item\">Env\u00edos r\u00e1pidos y seguros a todo Per\u00fa<\/div>\n    <div class=\"ticker-item\">M\u00e9todos de pagos seguros<\/div>\n    <div class=\"ticker-item\">Cont\u00e1mos con soporte t\u00e9cnico<\/div>\n    \n    <div class=\"ticker-item\">Tus expertos locales en Apple<\/div>\n    <div class=\"ticker-item\">Env\u00edos r\u00e1pidos y seguros a todo Per\u00fa<\/div>\n    <div class=\"ticker-item\">M\u00e9todos de pagos seguros<\/div>\n    <div class=\"ticker-item\">Cont\u00e1mos con soporte t\u00e9cnico<\/div>\n  <\/div>\n<\/div>\n<\/html>\n\n<style>\n    \/* Contenedor principal que oculta lo que sobresale *\/\n.ticker-wrapper-2 {\n  width: 100%;\n  overflow: hidden;\n  background-color: #FFD700;\n  color: #0D0606;\n  padding: 8px 0;\n  font-family: inter, sans-serif;\n}\n\n\/* El contenedor interno que se mueve *\/\n.ticker {\n  display: flex;\n  white-space: nowrap;\n  animation: desplazamiento-infinito 20s linear infinite;\n}\n\n\/* Estilo de cada frase *\/\n.ticker-item {\n  padding: 0 18px;\n  font-size: 1.1rem;\n  font-weight: bold;\n}\n\n\/* Definici\u00f3n de la animaci\u00f3n *\/\n@keyframes desplazamiento-infinito {\n  0% {\n    transform: translateX(0);\n  }\n  100% {\n    \/* Se desplaza exactamente la mitad (porque duplicamos el contenido) *\/\n    transform: translateX(-50%);\n  }\n}\n\n\/* Opcional: Pausar al pasar el rat\u00f3n *\/\n.ticker-wrapper:hover .ticker {\n  animation-play-state: paused;\n}\n<\/style>\t\t\t\t<\/div>\n\t\t\t\t\t<\/div>\n\t\t\t\t<\/div>\n\t\t\t\t<\/div>\n\t\t","protected":false},"excerpt":{"rendered":"<p>Tus expertos locales en Apple Env\u00edos r\u00e1pidos y seguros a todo Per\u00fa M\u00e9todos de pagos seguros Cont\u00e1mos con soporte t\u00e9cnico Tus expertos locales en Apple Env\u00edos r\u00e1pidos y seguros a todo Per\u00fa M\u00e9todos de pagos seguros Cont\u00e1mos con soporte t\u00e9cnico<\/p>\n","protected":false},"author":1,"featured_media":0,"parent":0,"menu_order":0,"comment_status":"closed","ping_status":"closed","template":"elementor_header_footer","meta":{"_acf_changed":false,"footnotes":""},"class_list":["post-2398","page","type-page","status-publish","hentry"],"blocksy_meta":[],"acf":[],"_links":{"self":[{"href":"https:\/\/alphamovilr.com\/index.php?rest_route=\/wp\/v2\/pages\/2398","targetHints":{"allow":["GET"]}}],"collection":[{"href":"https:\/\/alphamovilr.com\/index.php?rest_route=\/wp\/v2\/pages"}],"about":[{"href":"https:\/\/alphamovilr.com\/index.php?rest_route=\/wp\/v2\/types\/page"}],"author":[{"embeddable":true,"href":"https:\/\/alphamovilr.com\/index.php?rest_route=\/wp\/v2\/users\/1"}],"replies":[{"embeddable":true,"href":"https:\/\/alphamovilr.com\/index.php?rest_route=%2Fwp%2Fv2%2Fcomments&post=2398"}],"version-history":[{"count":4,"href":"https:\/\/alphamovilr.com\/index.php?rest_route=\/wp\/v2\/pages\/2398\/revisions"}],"predecessor-version":[{"id":2402,"href":"https:\/\/alphamovilr.com\/index.php?rest_route=\/wp\/v2\/pages\/2398\/revisions\/2402"}],"wp:attachment":[{"href":"https:\/\/alphamovilr.com\/index.php?rest_route=%2Fwp%2Fv2%2Fmedia&parent=2398"}],"curies":[{"name":"wp","href":"https:\/\/api.w.org\/{rel}","templated":true}]}}